{"id":724,"date":"2012-10-08T11:09:32","date_gmt":"2012-10-08T14:09:32","guid":{"rendered":"http:\/\/www.geomec.com.br\/?page_id=7"},"modified":"2023-09-23T17:50:27","modified_gmt":"2023-09-23T20:50:27","slug":"servicos","status":"publish","type":"page","link":"https:\/\/www.geomec.com.br\/site\/servicos\/","title":{"rendered":"Servi\u00e7os"},"content":{"rendered":"\t\t<div data-elementor-type=\"wp-page\" data-elementor-id=\"724\" class=\"elementor elementor-724\" data-elementor-post-type=\"page\">\n\t\t\t\t\t\t<section class=\"elementor-section elementor-top-section elementor-element elementor-element-78af1a7 elementor-section-height-min-height elementor-section-items-bottom elementor-section-boxed elementor-section-height-default\" data-id=\"78af1a7\" data-element_type=\"section\" data-e-type=\"section\" data-settings=\"{&quot;background_background&quot;:&quot;classic&quot;,&quot;background_motion_fx_motion_fx_scrolling&quot;:&quot;yes&quot;,&quot;background_motion_fx_translateY_effect&quot;:&quot;yes&quot;,&quot;background_motion_fx_translateY_direction&quot;:&quot;negative&quot;,&quot;background_motion_fx_translateY_speed&quot;:{&quot;unit&quot;:&quot;px&quot;,&quot;size&quot;:3,&quot;sizes&quot;:[]},&quot;background_motion_fx_translateY_affectedRange&quot;:{&quot;unit&quot;:&quot;%&quot;,&quot;size&quot;:&quot;&quot;,&quot;sizes&quot;:{&quot;start&quot;:0,&quot;end&quot;:100}},&quot;background_motion_fx_devices&quot;:[&quot;desktop&quot;,&quot;tablet&quot;,&quot;mobile&quot;]}\">\n\t\t\t\t\t\t\t<div class=\"elementor-background-overlay\"><\/div>\n\t\t\t\t\t\t\t<div class=\"elementor-container elementor-column-gap-no\">\n\t\t\t\t\t<div class=\"elementor-column elementor-col-100 elementor-top-column elementor-element elementor-element-32aa6cb8\" data-id=\"32aa6cb8\" data-element_type=\"column\" data-e-type=\"column\" data-settings=\"{&quot;background_background&quot;:&quot;classic&quot;}\">\n\t\t\t<div class=\"elementor-widget-wrap elementor-element-populated\">\n\t\t\t\t\t\t<section class=\"elementor-section elementor-inner-section elementor-element elementor-element-58ab68b9 elementor-section-content-bottom elementor-section-boxed elementor-section-height-default elementor-section-height-default\" data-id=\"58ab68b9\" data-element_type=\"section\" data-e-type=\"section\" data-settings=\"{&quot;background_background&quot;:&quot;classic&quot;}\">\n\t\t\t\t\t\t<div class=\"elementor-container elementor-column-gap-no\">\n\t\t\t\t\t<div class=\"elementor-column elementor-col-33 elementor-inner-column elementor-element elementor-element-198a7ed1 elementor-hidden-tablet elementor-hidden-phone\" data-id=\"198a7ed1\" data-element_type=\"column\" data-e-type=\"column\">\n\t\t\t<div class=\"elementor-widget-wrap\">\n\t\t\t\t\t\t\t<\/div>\n\t\t<\/div>\n\t\t\t\t<div class=\"elementor-column elementor-col-33 elementor-inner-column elementor-element elementor-element-21edcb8\" data-id=\"21edcb8\" data-element_type=\"column\" data-e-type=\"column\">\n\t\t\t<div class=\"elementor-widget-wrap elementor-element-populated\">\n\t\t\t\t\t<div class=\"elementor-background-overlay\"><\/div>\n\t\t\t\t\t\t<div class=\"elementor-element elementor-element-4671defd elementor-widget elementor-widget-heading\" data-id=\"4671defd\" data-element_type=\"widget\" data-e-type=\"widget\" data-widget_type=\"heading.default\">\n\t\t\t\t<div class=\"elementor-widget-container\">\n\t\t\t\t\t<h1 class=\"elementor-heading-title elementor-size-default\">Servi\u00e7os<\/h1>\t\t\t\t<\/div>\n\t\t\t\t<\/div>\n\t\t\t\t\t<\/div>\n\t\t<\/div>\n\t\t\t\t<div class=\"elementor-column elementor-col-33 elementor-inner-column elementor-element elementor-element-6db75114 elementor-hidden-tablet elementor-hidden-phone\" data-id=\"6db75114\" data-element_type=\"column\" data-e-type=\"column\">\n\t\t\t<div class=\"elementor-widget-wrap\">\n\t\t\t\t\t\t\t<\/div>\n\t\t<\/div>\n\t\t\t\t\t<\/div>\n\t\t<\/section>\n\t\t\t\t\t<\/div>\n\t\t<\/div>\n\t\t\t\t\t<\/div>\n\t\t<\/section>\n\t\t\t\t<section class=\"elementor-section elementor-top-section elementor-element elementor-element-6a7230d0 elementor-section-boxed elementor-section-height-default elementor-section-height-default\" data-id=\"6a7230d0\" data-element_type=\"section\" data-e-type=\"section\">\n\t\t\t\t\t\t<div class=\"elementor-container elementor-column-gap-no\">\n\t\t\t\t\t<div class=\"elementor-column elementor-col-100 elementor-top-column elementor-element elementor-element-3248969b\" data-id=\"3248969b\" data-element_type=\"column\" data-e-type=\"column\">\n\t\t\t<div class=\"elementor-widget-wrap elementor-element-populated\">\n\t\t\t\t\t\t<section class=\"elementor-section elementor-inner-section elementor-element elementor-element-48a9c7c elementor-section-boxed elementor-section-height-default elementor-section-height-default\" data-id=\"48a9c7c\" data-element_type=\"section\" data-e-type=\"section\">\n\t\t\t\t\t\t<div class=\"elementor-container elementor-column-gap-no\">\n\t\t\t\t\t<div class=\"elementor-column elementor-col-25 elementor-inner-column elementor-element elementor-element-26762ba7\" data-id=\"26762ba7\" data-element_type=\"column\" data-e-type=\"column\">\n\t\t\t<div class=\"elementor-widget-wrap elementor-element-populated\">\n\t\t\t\t\t\t<div class=\"elementor-element elementor-element-7fddbe elementor-widget elementor-widget-image-box\" data-id=\"7fddbe\" data-element_type=\"widget\" data-e-type=\"widget\" data-widget_type=\"image-box.default\">\n\t\t\t\t<div class=\"elementor-widget-container\">\n\t\t\t\t\t<div class=\"elementor-image-box-wrapper\"><div class=\"elementor-image-box-content\"><h3 class=\"elementor-image-box-title\"><a href=\"https:\/\/www.geomec.com.br\/site\/servicos\/consultoria-e-projetos\/\">Consultoria e Projetos<\/a><\/h3><p class=\"elementor-image-box-description\"><div style=\"text-align:justify;color:#222222;font-size: 15px\">Projetos de funda\u00e7\u00e3o para obras onshore e offshore, conten\u00e7\u00e3o de encostas, estudos de estabilidade de taludes, rebaixamento provis\u00f3rio e definitivo de len\u00e7ol d\u2019\u00e1gua subterr\u00e2neo, projeto de drenagem de subsuperf\u00edcie e acompanhamento de obras geot\u00e9cnicas.<\/div><\/p><\/div><\/div>\t\t\t\t<\/div>\n\t\t\t\t<\/div>\n\t\t\t\t\t<\/div>\n\t\t<\/div>\n\t\t\t\t<div class=\"elementor-column elementor-col-25 elementor-inner-column elementor-element elementor-element-5525121\" data-id=\"5525121\" data-element_type=\"column\" data-e-type=\"column\">\n\t\t\t<div class=\"elementor-widget-wrap elementor-element-populated\">\n\t\t\t\t\t\t<div class=\"elementor-element elementor-element-58516a05 elementor-widget elementor-widget-image-box\" data-id=\"58516a05\" data-element_type=\"widget\" data-e-type=\"widget\" data-widget_type=\"image-box.default\">\n\t\t\t\t<div class=\"elementor-widget-container\">\n\t\t\t\t\t<div class=\"elementor-image-box-wrapper\"><div class=\"elementor-image-box-content\"><h3 class=\"elementor-image-box-title\"><a href=\"https:\/\/www.geomec.com.br\/site\/servicos\/ensaios-de-carregamento-dinamico\/\">Ensaios de Carregamento Din\u00e2mico<\/a><\/h3><p class=\"elementor-image-box-description\"><div style=\"text-align:justify;color:#222222;font-size: 15px\">Instrumenta\u00e7\u00e3o em todos os tipos de elementos de funda\u00e7\u00e3o, inclusive estacadas de grande di\u00e2metro e estacas barrete, onshore e offshore. Processamento de dados em campo atrav\u00e9s do m\u00e9todo CASE e an\u00e1lise num\u00e9rica CAPWAP.<\/div><\/p><\/div><\/div>\t\t\t\t<\/div>\n\t\t\t\t<\/div>\n\t\t\t\t\t<\/div>\n\t\t<\/div>\n\t\t\t\t<div class=\"elementor-column elementor-col-25 elementor-inner-column elementor-element elementor-element-602732a7\" data-id=\"602732a7\" data-element_type=\"column\" data-e-type=\"column\">\n\t\t\t<div class=\"elementor-widget-wrap elementor-element-populated\">\n\t\t\t\t\t\t<div class=\"elementor-element elementor-element-72106e40 elementor-widget elementor-widget-image-box\" data-id=\"72106e40\" data-element_type=\"widget\" data-e-type=\"widget\" data-widget_type=\"image-box.default\">\n\t\t\t\t<div class=\"elementor-widget-container\">\n\t\t\t\t\t<div class=\"elementor-image-box-wrapper\"><div class=\"elementor-image-box-content\"><h3 class=\"elementor-image-box-title\"><a href=\"https:\/\/www.geomec.com.br\/site\/servicos\/ensaios-de-integridade-fisica\/\">Ensaios de Integridade F\u00edsica<\/a><\/h3><p class=\"elementor-image-box-description\"><div style=\"text-align:justify;color:#222222;font-size: 15px\">Ensaio n\u00e3o destrutivo aplicado preferencialmente em estacas moldadas \u201cin loco\u201d com a finalidade \u00fanica de avalia\u00e7\u00e3o da monoliticidade estrutural.<\/div><\/p><\/div><\/div>\t\t\t\t<\/div>\n\t\t\t\t<\/div>\n\t\t\t\t\t<\/div>\n\t\t<\/div>\n\t\t\t\t<div class=\"elementor-column elementor-col-25 elementor-inner-column elementor-element elementor-element-2f67d5e\" data-id=\"2f67d5e\" data-element_type=\"column\" data-e-type=\"column\">\n\t\t\t<div class=\"elementor-widget-wrap elementor-element-populated\">\n\t\t\t\t\t\t<div class=\"elementor-element elementor-element-6376a0f elementor-widget elementor-widget-image-box\" data-id=\"6376a0f\" data-element_type=\"widget\" data-e-type=\"widget\" data-widget_type=\"image-box.default\">\n\t\t\t\t<div class=\"elementor-widget-container\">\n\t\t\t\t\t<div class=\"elementor-image-box-wrapper\"><div class=\"elementor-image-box-content\"><h3 class=\"elementor-image-box-title\"><a href=\"https:\/\/www.geomec.com.br\/site\/servicos\/prova-de-carga-estatica\/\">Prova de Carga Est\u00e1tica<\/a><\/h3><p class=\"elementor-image-box-description\"><div style=\"text-align:justify;color:#222222;font-size: 15px\">Instrumenta\u00e7\u00e3o com aquisi\u00e7\u00e3o de dados automatizado, avalia\u00e7\u00e3o do carregamento atrav\u00e9s de c\u00e9lulas de carga e sistema de rea\u00e7\u00e3o para at\u00e9 1600 tf.<\/div><\/p><\/div><\/div>\t\t\t\t<\/div>\n\t\t\t\t<\/div>\n\t\t\t\t\t<\/div>\n\t\t<\/div>\n\t\t\t\t\t<\/div>\n\t\t<\/section>\n\t\t\t\t\t<\/div>\n\t\t<\/div>\n\t\t\t\t\t<\/div>\n\t\t<\/section>\n\t\t\t\t<section class=\"elementor-section elementor-top-section elementor-element elementor-element-a2ae31f elementor-section-height-min-height elementor-section-boxed elementor-section-height-default elementor-section-items-middle\" data-id=\"a2ae31f\" data-element_type=\"section\" data-e-type=\"section\" data-settings=\"{&quot;background_background&quot;:&quot;classic&quot;,&quot;background_motion_fx_motion_fx_mouse&quot;:&quot;yes&quot;,&quot;background_motion_fx_mouseTrack_effect&quot;:&quot;yes&quot;,&quot;shape_divider_bottom&quot;:&quot;arrow&quot;,&quot;background_motion_fx_mouseTrack_speed&quot;:{&quot;unit&quot;:&quot;px&quot;,&quot;size&quot;:1,&quot;sizes&quot;:[]}}\">\n\t\t\t\t\t\t\t<div class=\"elementor-background-overlay\"><\/div>\n\t\t\t\t\t\t<div class=\"elementor-shape elementor-shape-bottom\" aria-hidden=\"true\" data-negative=\"false\">\n\t\t\t<svg xmlns=\"http:\/\/www.w3.org\/2000\/svg\" viewBox=\"0 0 700 10\" preserveAspectRatio=\"none\">\n\t<path class=\"elementor-shape-fill\" d=\"M350,10L340,0h20L350,10z\"\/>\n<\/svg>\t\t<\/div>\n\t\t\t\t\t<div class=\"elementor-container elementor-column-gap-no\">\n\t\t\t\t\t<div class=\"elementor-column elementor-col-100 elementor-top-column elementor-element elementor-element-ec112be\" data-id=\"ec112be\" data-element_type=\"column\" data-e-type=\"column\">\n\t\t\t<div class=\"elementor-widget-wrap elementor-element-populated\">\n\t\t\t\t\t\t<div class=\"elementor-element elementor-element-4cd03c0 elementor-cta--layout-image-above elementor-cta--valign-bottom elementor-cta--skin-classic elementor-animated-content elementor-widget elementor-widget-call-to-action\" data-id=\"4cd03c0\" data-element_type=\"widget\" data-e-type=\"widget\" data-widget_type=\"call-to-action.default\">\n\t\t\t\t<div class=\"elementor-widget-container\">\n\t\t\t\t\t\t\t<div class=\"elementor-cta\">\n\t\t\t\t\t\t\t<div class=\"elementor-cta__content\">\n\t\t\t\t\n\t\t\t\t\t\t\t\t\t<h2 class=\"elementor-cta__title elementor-cta__content-item elementor-content-item\">\n\t\t\t\t\t\tSolicite um or\u00e7amento\t\t\t\t\t<\/h2>\n\t\t\t\t\n\t\t\t\t\t\t\t\t\t<div class=\"elementor-cta__description elementor-cta__content-item elementor-content-item\">\n\t\t\t\t\t\tConhe\u00e7a nossos canais de atendimento\t\t\t\t\t<\/div>\n\t\t\t\t\n\t\t\t\t\t\t\t\t\t<div class=\"elementor-cta__button-wrapper elementor-cta__content-item elementor-content-item \">\n\t\t\t\t\t<a class=\"elementor-cta__button elementor-button elementor-size-md\" href=\"https:\/\/www.geomec.com.br\/site\/contato\/\">\n\t\t\t\t\t\tClique Aqui\t\t\t\t\t<\/a>\n\t\t\t\t\t<\/div>\n\t\t\t\t\t\t\t<\/div>\n\t\t\t\t\t\t<\/div>\n\t\t\t\t\t\t<\/div>\n\t\t\t\t<\/div>\n\t\t\t\t\t<\/div>\n\t\t<\/div>\n\t\t\t\t\t<\/div>\n\t\t<\/section>\n\t\t\t\t<\/div>\n\t\t","protected":false},"excerpt":{"rendered":"<p>Servi\u00e7os &lt;h3&gt;Consultoria e Projetos&lt;\/h3&gt;&lt;p&gt;Projetos de funda\u00e7\u00e3o para obras onshore e offshore, conten\u00e7\u00e3o de encostas, estudos de estabilidade de taludes, rebaixamento provis\u00f3rio e definitivo de len\u00e7ol d\u2019\u00e1gua subterr\u00e2neo, projeto de drenagem de subsuperf\u00edcie e acompanhamento de obras geot\u00e9cnicas.&lt;\/p&gt; &lt;h3&gt;Ensaios de Carregamento Din\u00e2mico&lt;\/h3&gt;&lt;p&gt;Instrumenta\u00e7\u00e3o em todos os tipos de elementos de funda\u00e7\u00e3o, inclusive estacadas de grande di\u00e2metro e [&hellip;]<\/p>\n","protected":false},"author":1,"featured_media":0,"parent":0,"menu_order":0,"comment_status":"closed","ping_status":"closed","template":"","meta":{"jetpack_post_was_ever_published":false,"footnotes":""},"class_list":["post-724","page","type-page","status-publish","hentry"],"yoast_head":"<!-- This site is optimized with the Yoast SEO plugin v27.2 - https:\/\/yoast.com\/product\/yoast-seo-wordpress\/ -->\n<title>Servi\u00e7os - Geomec<\/title>\n<meta name=\"robots\" content=\"index, follow, max-snippet:-1, max-image-preview:large, max-video-preview:-1\" \/>\n<link rel=\"canonical\" href=\"https:\/\/www.geomec.com.br\/site\/servicos\/\" \/>\n<meta property=\"og:locale\" content=\"pt_BR\" \/>\n<meta property=\"og:type\" content=\"article\" \/>\n<meta property=\"og:title\" content=\"Servi\u00e7os - Geomec\" \/>\n<meta property=\"og:description\" content=\"Servi\u00e7os &lt;h3&gt;Consultoria e Projetos&lt;\/h3&gt;&lt;p&gt;Projetos de funda\u00e7\u00e3o para obras onshore e offshore, conten\u00e7\u00e3o de encostas, estudos de estabilidade de taludes, rebaixamento provis\u00f3rio e definitivo de len\u00e7ol d\u2019\u00e1gua subterr\u00e2neo, projeto de drenagem de subsuperf\u00edcie e acompanhamento de obras geot\u00e9cnicas.&lt;\/p&gt; &lt;h3&gt;Ensaios de Carregamento Din\u00e2mico&lt;\/h3&gt;&lt;p&gt;Instrumenta\u00e7\u00e3o em todos os tipos de elementos de funda\u00e7\u00e3o, inclusive estacadas de grande di\u00e2metro e [&hellip;]\" \/>\n<meta property=\"og:url\" content=\"https:\/\/www.geomec.com.br\/site\/servicos\/\" \/>\n<meta property=\"og:site_name\" content=\"Geomec\" \/>\n<meta property=\"article:modified_time\" content=\"2023-09-23T20:50:27+00:00\" \/>\n<meta name=\"twitter:card\" content=\"summary_large_image\" \/>\n<meta name=\"twitter:label1\" content=\"Est. tempo de leitura\" \/>\n\t<meta name=\"twitter:data1\" content=\"1 minuto\" \/>\n<script type=\"application\/ld+json\" class=\"yoast-schema-graph\">{\"@context\":\"https:\/\/schema.org\",\"@graph\":[{\"@type\":\"WebPage\",\"@id\":\"https:\/\/www.geomec.com.br\/site\/servicos\/\",\"url\":\"https:\/\/www.geomec.com.br\/site\/servicos\/\",\"name\":\"Servi\u00e7os - Geomec\",\"isPartOf\":{\"@id\":\"https:\/\/www.geomec.com.br\/site\/#website\"},\"datePublished\":\"2012-10-08T14:09:32+00:00\",\"dateModified\":\"2023-09-23T20:50:27+00:00\",\"breadcrumb\":{\"@id\":\"https:\/\/www.geomec.com.br\/site\/servicos\/#breadcrumb\"},\"inLanguage\":\"pt-BR\",\"potentialAction\":[{\"@type\":\"ReadAction\",\"target\":[\"https:\/\/www.geomec.com.br\/site\/servicos\/\"]}]},{\"@type\":\"BreadcrumbList\",\"@id\":\"https:\/\/www.geomec.com.br\/site\/servicos\/#breadcrumb\",\"itemListElement\":[{\"@type\":\"ListItem\",\"position\":1,\"name\":\"In\u00edcio\",\"item\":\"https:\/\/www.geomec.com.br\/site\/\"},{\"@type\":\"ListItem\",\"position\":2,\"name\":\"Servi\u00e7os\"}]},{\"@type\":\"WebSite\",\"@id\":\"https:\/\/www.geomec.com.br\/site\/#website\",\"url\":\"https:\/\/www.geomec.com.br\/site\/\",\"name\":\"Geomec\",\"description\":\"Engenharia Geot\u00e9cnica e de Funda\u00e7\u00f5es\",\"publisher\":{\"@id\":\"https:\/\/www.geomec.com.br\/site\/#organization\"},\"potentialAction\":[{\"@type\":\"SearchAction\",\"target\":{\"@type\":\"EntryPoint\",\"urlTemplate\":\"https:\/\/www.geomec.com.br\/site\/?s={search_term_string}\"},\"query-input\":{\"@type\":\"PropertyValueSpecification\",\"valueRequired\":true,\"valueName\":\"search_term_string\"}}],\"inLanguage\":\"pt-BR\"},{\"@type\":\"Organization\",\"@id\":\"https:\/\/www.geomec.com.br\/site\/#organization\",\"name\":\"Geomec\",\"url\":\"https:\/\/www.geomec.com.br\/site\/\",\"logo\":{\"@type\":\"ImageObject\",\"inLanguage\":\"pt-BR\",\"@id\":\"https:\/\/www.geomec.com.br\/site\/#\/schema\/logo\/image\/\",\"url\":\"https:\/\/www.geomec.com.br\/site\/wp-content\/uploads\/2023\/08\/logo.png\",\"contentUrl\":\"https:\/\/www.geomec.com.br\/site\/wp-content\/uploads\/2023\/08\/logo.png\",\"width\":399,\"height\":74,\"caption\":\"Geomec\"},\"image\":{\"@id\":\"https:\/\/www.geomec.com.br\/site\/#\/schema\/logo\/image\/\"}}]}<\/script>\n<!-- \/ Yoast SEO plugin. -->","yoast_head_json":{"title":"Servi\u00e7os - Geomec","robots":{"index":"index","follow":"follow","max-snippet":"max-snippet:-1","max-image-preview":"max-image-preview:large","max-video-preview":"max-video-preview:-1"},"canonical":"https:\/\/www.geomec.com.br\/site\/servicos\/","og_locale":"pt_BR","og_type":"article","og_title":"Servi\u00e7os - Geomec","og_description":"Servi\u00e7os &lt;h3&gt;Consultoria e Projetos&lt;\/h3&gt;&lt;p&gt;Projetos de funda\u00e7\u00e3o para obras onshore e offshore, conten\u00e7\u00e3o de encostas, estudos de estabilidade de taludes, rebaixamento provis\u00f3rio e definitivo de len\u00e7ol d\u2019\u00e1gua subterr\u00e2neo, projeto de drenagem de subsuperf\u00edcie e acompanhamento de obras geot\u00e9cnicas.&lt;\/p&gt; &lt;h3&gt;Ensaios de Carregamento Din\u00e2mico&lt;\/h3&gt;&lt;p&gt;Instrumenta\u00e7\u00e3o em todos os tipos de elementos de funda\u00e7\u00e3o, inclusive estacadas de grande di\u00e2metro e [&hellip;]","og_url":"https:\/\/www.geomec.com.br\/site\/servicos\/","og_site_name":"Geomec","article_modified_time":"2023-09-23T20:50:27+00:00","twitter_card":"summary_large_image","twitter_misc":{"Est. tempo de leitura":"1 minuto"},"schema":{"@context":"https:\/\/schema.org","@graph":[{"@type":"WebPage","@id":"https:\/\/www.geomec.com.br\/site\/servicos\/","url":"https:\/\/www.geomec.com.br\/site\/servicos\/","name":"Servi\u00e7os - Geomec","isPartOf":{"@id":"https:\/\/www.geomec.com.br\/site\/#website"},"datePublished":"2012-10-08T14:09:32+00:00","dateModified":"2023-09-23T20:50:27+00:00","breadcrumb":{"@id":"https:\/\/www.geomec.com.br\/site\/servicos\/#breadcrumb"},"inLanguage":"pt-BR","potentialAction":[{"@type":"ReadAction","target":["https:\/\/www.geomec.com.br\/site\/servicos\/"]}]},{"@type":"BreadcrumbList","@id":"https:\/\/www.geomec.com.br\/site\/servicos\/#breadcrumb","itemListElement":[{"@type":"ListItem","position":1,"name":"In\u00edcio","item":"https:\/\/www.geomec.com.br\/site\/"},{"@type":"ListItem","position":2,"name":"Servi\u00e7os"}]},{"@type":"WebSite","@id":"https:\/\/www.geomec.com.br\/site\/#website","url":"https:\/\/www.geomec.com.br\/site\/","name":"Geomec","description":"Engenharia Geot\u00e9cnica e de Funda\u00e7\u00f5es","publisher":{"@id":"https:\/\/www.geomec.com.br\/site\/#organization"},"potentialAction":[{"@type":"SearchAction","target":{"@type":"EntryPoint","urlTemplate":"https:\/\/www.geomec.com.br\/site\/?s={search_term_string}"},"query-input":{"@type":"PropertyValueSpecification","valueRequired":true,"valueName":"search_term_string"}}],"inLanguage":"pt-BR"},{"@type":"Organization","@id":"https:\/\/www.geomec.com.br\/site\/#organization","name":"Geomec","url":"https:\/\/www.geomec.com.br\/site\/","logo":{"@type":"ImageObject","inLanguage":"pt-BR","@id":"https:\/\/www.geomec.com.br\/site\/#\/schema\/logo\/image\/","url":"https:\/\/www.geomec.com.br\/site\/wp-content\/uploads\/2023\/08\/logo.png","contentUrl":"https:\/\/www.geomec.com.br\/site\/wp-content\/uploads\/2023\/08\/logo.png","width":399,"height":74,"caption":"Geomec"},"image":{"@id":"https:\/\/www.geomec.com.br\/site\/#\/schema\/logo\/image\/"}}]}},"jetpack_sharing_enabled":true,"jetpack_shortlink":"https:\/\/wp.me\/Pf2a7j-bG","_links":{"self":[{"href":"https:\/\/www.geomec.com.br\/site\/wp-json\/wp\/v2\/pages\/724","targetHints":{"allow":["GET"]}}],"collection":[{"href":"https:\/\/www.geomec.com.br\/site\/wp-json\/wp\/v2\/pages"}],"about":[{"href":"https:\/\/www.geomec.com.br\/site\/wp-json\/wp\/v2\/types\/page"}],"author":[{"embeddable":true,"href":"https:\/\/www.geomec.com.br\/site\/wp-json\/wp\/v2\/users\/1"}],"replies":[{"embeddable":true,"href":"https:\/\/www.geomec.com.br\/site\/wp-json\/wp\/v2\/comments?post=724"}],"version-history":[{"count":123,"href":"https:\/\/www.geomec.com.br\/site\/wp-json\/wp\/v2\/pages\/724\/revisions"}],"predecessor-version":[{"id":4075,"href":"https:\/\/www.geomec.com.br\/site\/wp-json\/wp\/v2\/pages\/724\/revisions\/4075"}],"wp:attachment":[{"href":"https:\/\/www.geomec.com.br\/site\/wp-json\/wp\/v2\/media?parent=724"}],"curies":[{"name":"wp","href":"https:\/\/api.w.org\/{rel}","templated":true}]}}