{"id":4555,"date":"2023-10-16T15:58:19","date_gmt":"2023-10-16T18:58:19","guid":{"rendered":"https:\/\/www.geomec.com.br\/site\/?page_id=4555"},"modified":"2023-10-16T15:59:25","modified_gmt":"2023-10-16T18:59:25","slug":"graficos-copy","status":"publish","type":"page","link":"https:\/\/www.geomec.com.br\/site\/servicos\/prova-de-carga-estatica\/graficos-copy\/","title":{"rendered":"Sistema de aquisi\u00e7\u00e3o de dados t\u00edpico\u200b"},"content":{"rendered":"\t\t<div data-elementor-type=\"wp-page\" data-elementor-id=\"4555\" class=\"elementor elementor-4555\" data-elementor-post-type=\"page\">\n\t\t\t\t\t\t<section class=\"elementor-section elementor-top-section elementor-element elementor-element-77b23697 elementor-section-height-min-height elementor-section-items-bottom elementor-section-boxed elementor-section-height-default\" data-id=\"77b23697\" data-element_type=\"section\" data-e-type=\"section\" data-settings=\"{&quot;background_background&quot;:&quot;classic&quot;,&quot;background_motion_fx_motion_fx_scrolling&quot;:&quot;yes&quot;,&quot;background_motion_fx_translateY_effect&quot;:&quot;yes&quot;,&quot;background_motion_fx_translateY_direction&quot;:&quot;negative&quot;,&quot;background_motion_fx_translateY_speed&quot;:{&quot;unit&quot;:&quot;px&quot;,&quot;size&quot;:3,&quot;sizes&quot;:[]},&quot;background_motion_fx_translateY_affectedRange&quot;:{&quot;unit&quot;:&quot;%&quot;,&quot;size&quot;:&quot;&quot;,&quot;sizes&quot;:{&quot;start&quot;:0,&quot;end&quot;:100}},&quot;background_motion_fx_devices&quot;:[&quot;desktop&quot;,&quot;tablet&quot;,&quot;mobile&quot;]}\">\n\t\t\t\t\t\t\t<div class=\"elementor-background-overlay\"><\/div>\n\t\t\t\t\t\t\t<div class=\"elementor-container elementor-column-gap-no\">\n\t\t\t\t\t<div class=\"elementor-column elementor-col-100 elementor-top-column elementor-element elementor-element-1cfee8eb\" data-id=\"1cfee8eb\" data-element_type=\"column\" data-e-type=\"column\" data-settings=\"{&quot;background_background&quot;:&quot;classic&quot;}\">\n\t\t\t<div class=\"elementor-widget-wrap elementor-element-populated\">\n\t\t\t\t\t\t<section class=\"elementor-section elementor-inner-section elementor-element elementor-element-6907a69a elementor-section-content-bottom elementor-section-boxed elementor-section-height-default elementor-section-height-default\" data-id=\"6907a69a\" data-element_type=\"section\" data-e-type=\"section\" data-settings=\"{&quot;background_background&quot;:&quot;classic&quot;}\">\n\t\t\t\t\t\t<div class=\"elementor-container elementor-column-gap-no\">\n\t\t\t\t\t<div class=\"elementor-column elementor-col-100 elementor-inner-column elementor-element elementor-element-7ed73f5d\" data-id=\"7ed73f5d\" data-element_type=\"column\" data-e-type=\"column\">\n\t\t\t<div class=\"elementor-widget-wrap elementor-element-populated\">\n\t\t\t\t\t<div class=\"elementor-background-overlay\"><\/div>\n\t\t\t\t\t\t<div class=\"elementor-element elementor-element-723cb4c1 elementor-widget elementor-widget-heading\" data-id=\"723cb4c1\" data-element_type=\"widget\" data-e-type=\"widget\" data-widget_type=\"heading.default\">\n\t\t\t\t<div class=\"elementor-widget-container\">\n\t\t\t\t\t<h1 class=\"elementor-heading-title elementor-size-default\">Sistema de aquisi\u00e7\u00e3o de dados t\u00edpico\u200b<\/h1>\t\t\t\t<\/div>\n\t\t\t\t<\/div>\n\t\t\t\t<div class=\"elementor-element elementor-element-276d3e7 elementor-widget elementor-widget-text-editor\" data-id=\"276d3e7\" data-element_type=\"widget\" data-e-type=\"widget\" data-widget_type=\"text-editor.default\">\n\t\t\t\t<div class=\"elementor-widget-container\">\n\t\t\t\t\t\t\t\t\t<a href=\"https:\/\/www.geomec.com.br\/site\/servicos\/prova-de-carga-estatica\/\">Prova de Carga Est\u00e1tica<\/a>\t\t\t\t\t\t\t\t<\/div>\n\t\t\t\t<\/div>\n\t\t\t\t\t<\/div>\n\t\t<\/div>\n\t\t\t\t\t<\/div>\n\t\t<\/section>\n\t\t\t\t\t<\/div>\n\t\t<\/div>\n\t\t\t\t\t<\/div>\n\t\t<\/section>\n\t\t\t\t<section class=\"elementor-section elementor-top-section elementor-element elementor-element-7b7d6edd elementor-section-boxed elementor-section-height-default elementor-section-height-default\" data-id=\"7b7d6edd\" data-element_type=\"section\" data-e-type=\"section\">\n\t\t\t\t\t\t<div class=\"elementor-container elementor-column-gap-no\">\n\t\t\t\t\t<div class=\"elementor-column elementor-col-100 elementor-top-column elementor-element elementor-element-122ccb7d\" data-id=\"122ccb7d\" data-element_type=\"column\" data-e-type=\"column\">\n\t\t\t<div class=\"elementor-widget-wrap\">\n\t\t\t\t\t\t\t<\/div>\n\t\t<\/div>\n\t\t\t\t\t<\/div>\n\t\t<\/section>\n\t\t\t\t<section class=\"elementor-section elementor-top-section elementor-element elementor-element-bf54f51 elementor-section-boxed elementor-section-height-default elementor-section-height-default\" data-id=\"bf54f51\" data-element_type=\"section\" data-e-type=\"section\">\n\t\t\t\t\t\t<div class=\"elementor-container elementor-column-gap-default\">\n\t\t\t\t\t<div class=\"elementor-column elementor-col-100 elementor-top-column elementor-element elementor-element-23b6b93\" data-id=\"23b6b93\" data-element_type=\"column\" data-e-type=\"column\">\n\t\t\t<div class=\"elementor-widget-wrap elementor-element-populated\">\n\t\t\t\t\t\t<div class=\"elementor-element elementor-element-4496b0a elementor-widget elementor-widget-image\" data-id=\"4496b0a\" data-element_type=\"widget\" data-e-type=\"widget\" data-widget_type=\"image.default\">\n\t\t\t\t<div class=\"elementor-widget-container\">\n\t\t\t\t\t\t\t\t\t\t\t\t\t\t\t\t<a href=\"https:\/\/www.geomec.com.br\/site\/wp-content\/uploads\/2023\/08\/prova_carga_estatica.png\" data-elementor-open-lightbox=\"yes\" data-elementor-lightbox-title=\"prova_carga_estatica\" data-e-action-hash=\"#elementor-action%3Aaction%3Dlightbox%26settings%3DeyJpZCI6MTU5NSwidXJsIjoiaHR0cHM6XC9cL3d3dy5nZW9tZWMuY29tLmJyXC9zaXRlXC93cC1jb250ZW50XC91cGxvYWRzXC8yMDIzXC8wOFwvcHJvdmFfY2FyZ2FfZXN0YXRpY2EucG5nIn0%3D\">\n\t\t\t\t\t\t\t<img fetchpriority=\"high\" decoding=\"async\" data-attachment-id=\"1595\" data-permalink=\"https:\/\/www.geomec.com.br\/site\/servicos\/prova-de-carga-estatica\/prova_carga_estatica\/\" data-orig-file=\"https:\/\/www.geomec.com.br\/site\/wp-content\/uploads\/2023\/08\/prova_carga_estatica.png\" data-orig-size=\"842,595\" data-comments-opened=\"1\" data-image-meta=\"{&quot;aperture&quot;:&quot;0&quot;,&quot;credit&quot;:&quot;&quot;,&quot;camera&quot;:&quot;&quot;,&quot;caption&quot;:&quot;&quot;,&quot;created_timestamp&quot;:&quot;0&quot;,&quot;copyright&quot;:&quot;&quot;,&quot;focal_length&quot;:&quot;0&quot;,&quot;iso&quot;:&quot;0&quot;,&quot;shutter_speed&quot;:&quot;0&quot;,&quot;title&quot;:&quot;&quot;,&quot;orientation&quot;:&quot;0&quot;}\" data-image-title=\"prova_carga_estatica\" data-image-description=\"\" data-image-caption=\"\" data-medium-file=\"https:\/\/www.geomec.com.br\/site\/wp-content\/uploads\/2023\/08\/prova_carga_estatica-300x212.png\" data-large-file=\"https:\/\/www.geomec.com.br\/site\/wp-content\/uploads\/2023\/08\/prova_carga_estatica.png\" width=\"842\" height=\"595\" src=\"https:\/\/www.geomec.com.br\/site\/wp-content\/uploads\/2023\/08\/prova_carga_estatica.png\" class=\"attachment-full size-full wp-image-1595\" alt=\"\" srcset=\"https:\/\/www.geomec.com.br\/site\/wp-content\/uploads\/2023\/08\/prova_carga_estatica.png 842w, https:\/\/www.geomec.com.br\/site\/wp-content\/uploads\/2023\/08\/prova_carga_estatica-300x212.png 300w, https:\/\/www.geomec.com.br\/site\/wp-content\/uploads\/2023\/08\/prova_carga_estatica-768x543.png 768w\" sizes=\"(max-width: 842px) 100vw, 842px\" data-attachment-id=\"1595\" data-permalink=\"https:\/\/www.geomec.com.br\/site\/servicos\/prova-de-carga-estatica\/prova_carga_estatica\/\" data-orig-file=\"https:\/\/www.geomec.com.br\/site\/wp-content\/uploads\/2023\/08\/prova_carga_estatica.png\" data-orig-size=\"842,595\" data-comments-opened=\"1\" data-image-meta=\"{&quot;aperture&quot;:&quot;0&quot;,&quot;credit&quot;:&quot;&quot;,&quot;camera&quot;:&quot;&quot;,&quot;caption&quot;:&quot;&quot;,&quot;created_timestamp&quot;:&quot;0&quot;,&quot;copyright&quot;:&quot;&quot;,&quot;focal_length&quot;:&quot;0&quot;,&quot;iso&quot;:&quot;0&quot;,&quot;shutter_speed&quot;:&quot;0&quot;,&quot;title&quot;:&quot;&quot;,&quot;orientation&quot;:&quot;0&quot;}\" data-image-title=\"prova_carga_estatica\" data-image-description=\"\" data-image-caption=\"\" data-medium-file=\"https:\/\/www.geomec.com.br\/site\/wp-content\/uploads\/2023\/08\/prova_carga_estatica-300x212.png\" data-large-file=\"https:\/\/www.geomec.com.br\/site\/wp-content\/uploads\/2023\/08\/prova_carga_estatica.png\" \/>\t\t\t\t\t\t\t\t<\/a>\n\t\t\t\t\t\t\t\t\t\t\t\t\t\t\t<\/div>\n\t\t\t\t<\/div>\n\t\t\t\t\t<\/div>\n\t\t<\/div>\n\t\t\t\t\t<\/div>\n\t\t<\/section>\n\t\t\t\t<section class=\"elementor-section elementor-top-section elementor-element elementor-element-5017eb22 elementor-section-height-min-height elementor-section-boxed elementor-section-height-default elementor-section-items-middle\" data-id=\"5017eb22\" data-element_type=\"section\" data-e-type=\"section\" data-settings=\"{&quot;background_background&quot;:&quot;classic&quot;,&quot;background_motion_fx_motion_fx_mouse&quot;:&quot;yes&quot;,&quot;background_motion_fx_mouseTrack_effect&quot;:&quot;yes&quot;,&quot;shape_divider_bottom&quot;:&quot;arrow&quot;,&quot;background_motion_fx_mouseTrack_speed&quot;:{&quot;unit&quot;:&quot;px&quot;,&quot;size&quot;:1,&quot;sizes&quot;:[]}}\">\n\t\t\t\t\t\t\t<div class=\"elementor-background-overlay\"><\/div>\n\t\t\t\t\t\t<div class=\"elementor-shape elementor-shape-bottom\" aria-hidden=\"true\" data-negative=\"false\">\n\t\t\t<svg xmlns=\"http:\/\/www.w3.org\/2000\/svg\" viewBox=\"0 0 700 10\" preserveAspectRatio=\"none\">\n\t<path class=\"elementor-shape-fill\" d=\"M350,10L340,0h20L350,10z\"\/>\n<\/svg>\t\t<\/div>\n\t\t\t\t\t<div class=\"elementor-container elementor-column-gap-no\">\n\t\t\t\t\t<div class=\"elementor-column elementor-col-100 elementor-top-column elementor-element elementor-element-414bd585\" data-id=\"414bd585\" data-element_type=\"column\" data-e-type=\"column\">\n\t\t\t<div class=\"elementor-widget-wrap elementor-element-populated\">\n\t\t\t\t\t\t<div class=\"elementor-element elementor-element-81b4f3d elementor-cta--layout-image-above elementor-cta--valign-bottom elementor-cta--skin-classic elementor-animated-content elementor-widget elementor-widget-call-to-action\" data-id=\"81b4f3d\" data-element_type=\"widget\" data-e-type=\"widget\" data-widget_type=\"call-to-action.default\">\n\t\t\t\t<div class=\"elementor-widget-container\">\n\t\t\t\t\t\t\t<div class=\"elementor-cta\">\n\t\t\t\t\t\t\t<div class=\"elementor-cta__content\">\n\t\t\t\t\n\t\t\t\t\t\t\t\t\t<h2 class=\"elementor-cta__title elementor-cta__content-item elementor-content-item\">\n\t\t\t\t\t\tSolicite um or\u00e7amento\t\t\t\t\t<\/h2>\n\t\t\t\t\n\t\t\t\t\t\t\t\t\t<div class=\"elementor-cta__description elementor-cta__content-item elementor-content-item\">\n\t\t\t\t\t\tConhe\u00e7a nossos canais de atendimento\t\t\t\t\t<\/div>\n\t\t\t\t\n\t\t\t\t\t\t\t\t\t<div class=\"elementor-cta__button-wrapper elementor-cta__content-item elementor-content-item \">\n\t\t\t\t\t<a class=\"elementor-cta__button elementor-button elementor-size-md\" href=\"https:\/\/www.geomec.com.br\/site\/contato\/\">\n\t\t\t\t\t\tClique Aqui\t\t\t\t\t<\/a>\n\t\t\t\t\t<\/div>\n\t\t\t\t\t\t\t<\/div>\n\t\t\t\t\t\t<\/div>\n\t\t\t\t\t\t<\/div>\n\t\t\t\t<\/div>\n\t\t\t\t\t<\/div>\n\t\t<\/div>\n\t\t\t\t\t<\/div>\n\t\t<\/section>\n\t\t\t\t<\/div>\n\t\t","protected":false},"excerpt":{"rendered":"<p>Sistema de aquisi\u00e7\u00e3o de dados t\u00edpico\u200b &lt;a href=&#8221;https:\/\/www.geomec.com.br\/site\/servicos\/prova-de-carga-estatica\/&#8221;&gt;Prova de Carga Est\u00e1tica&lt;\/a&gt; &lt;style&gt;\/*! elementor &#8211; v3.16.0 &#8211; 09-10-2023 *\/ .elementor-widget-image{text-align:center}.elementor-widget-image a{display:inline-block}.elementor-widget-image a img[src$=&#8221;.svg&#8221;]{width:48px}.elementor-widget-image img{vertical-align:middle;display:inline-block} Solicite um or\u00e7amento Conhe\u00e7a nossos canais de atendimento Clique Aqui<\/p>\n","protected":false},"author":1,"featured_media":0,"parent":727,"menu_order":4,"comment_status":"closed","ping_status":"closed","template":"","meta":{"jetpack_post_was_ever_published":false,"footnotes":""},"class_list":["post-4555","page","type-page","status-publish","hentry"],"yoast_head":"<!-- This site is optimized with the Yoast SEO plugin v27.2 - https:\/\/yoast.com\/product\/yoast-seo-wordpress\/ -->\n<title>Sistema de aquisi\u00e7\u00e3o de dados t\u00edpico\u200b - Geomec<\/title>\n<meta name=\"robots\" content=\"index, follow, max-snippet:-1, max-image-preview:large, max-video-preview:-1\" \/>\n<link rel=\"canonical\" href=\"https:\/\/www.geomec.com.br\/site\/servicos\/prova-de-carga-estatica\/graficos-copy\/\" \/>\n<meta property=\"og:locale\" content=\"pt_BR\" \/>\n<meta property=\"og:type\" content=\"article\" \/>\n<meta property=\"og:title\" content=\"Sistema de aquisi\u00e7\u00e3o de dados t\u00edpico\u200b - Geomec\" \/>\n<meta property=\"og:description\" content=\"Sistema de aquisi\u00e7\u00e3o de dados t\u00edpico\u200b &lt;a href=&quot;https:\/\/www.geomec.com.br\/site\/servicos\/prova-de-carga-estatica\/&quot;&gt;Prova de Carga Est\u00e1tica&lt;\/a&gt; &lt;style&gt;\/*! elementor - v3.16.0 - 09-10-2023 *\/ .elementor-widget-image{text-align:center}.elementor-widget-image a{display:inline-block}.elementor-widget-image a img[src$=&#8221;.svg&#8221;]{width:48px}.elementor-widget-image img{vertical-align:middle;display:inline-block} Solicite um or\u00e7amento Conhe\u00e7a nossos canais de atendimento Clique Aqui\" \/>\n<meta property=\"og:url\" content=\"https:\/\/www.geomec.com.br\/site\/servicos\/prova-de-carga-estatica\/graficos-copy\/\" \/>\n<meta property=\"og:site_name\" content=\"Geomec\" \/>\n<meta property=\"article:modified_time\" content=\"2023-10-16T18:59:25+00:00\" \/>\n<meta property=\"og:image\" content=\"https:\/\/www.geomec.com.br\/site\/wp-content\/uploads\/2023\/08\/prova_carga_estatica.png\" \/>\n<meta name=\"twitter:card\" content=\"summary_large_image\" \/>\n<meta name=\"twitter:label1\" content=\"Est. tempo de leitura\" \/>\n\t<meta name=\"twitter:data1\" content=\"1 minuto\" \/>\n<script type=\"application\/ld+json\" class=\"yoast-schema-graph\">{\"@context\":\"https:\/\/schema.org\",\"@graph\":[{\"@type\":\"WebPage\",\"@id\":\"https:\/\/www.geomec.com.br\/site\/servicos\/prova-de-carga-estatica\/graficos-copy\/\",\"url\":\"https:\/\/www.geomec.com.br\/site\/servicos\/prova-de-carga-estatica\/graficos-copy\/\",\"name\":\"Sistema de aquisi\u00e7\u00e3o de dados t\u00edpico\u200b - Geomec\",\"isPartOf\":{\"@id\":\"https:\/\/www.geomec.com.br\/site\/#website\"},\"primaryImageOfPage\":{\"@id\":\"https:\/\/www.geomec.com.br\/site\/servicos\/prova-de-carga-estatica\/graficos-copy\/#primaryimage\"},\"image\":{\"@id\":\"https:\/\/www.geomec.com.br\/site\/servicos\/prova-de-carga-estatica\/graficos-copy\/#primaryimage\"},\"thumbnailUrl\":\"https:\/\/www.geomec.com.br\/site\/wp-content\/uploads\/2023\/08\/prova_carga_estatica.png\",\"datePublished\":\"2023-10-16T18:58:19+00:00\",\"dateModified\":\"2023-10-16T18:59:25+00:00\",\"breadcrumb\":{\"@id\":\"https:\/\/www.geomec.com.br\/site\/servicos\/prova-de-carga-estatica\/graficos-copy\/#breadcrumb\"},\"inLanguage\":\"pt-BR\",\"potentialAction\":[{\"@type\":\"ReadAction\",\"target\":[\"https:\/\/www.geomec.com.br\/site\/servicos\/prova-de-carga-estatica\/graficos-copy\/\"]}]},{\"@type\":\"ImageObject\",\"inLanguage\":\"pt-BR\",\"@id\":\"https:\/\/www.geomec.com.br\/site\/servicos\/prova-de-carga-estatica\/graficos-copy\/#primaryimage\",\"url\":\"https:\/\/www.geomec.com.br\/site\/wp-content\/uploads\/2023\/08\/prova_carga_estatica.png\",\"contentUrl\":\"https:\/\/www.geomec.com.br\/site\/wp-content\/uploads\/2023\/08\/prova_carga_estatica.png\"},{\"@type\":\"BreadcrumbList\",\"@id\":\"https:\/\/www.geomec.com.br\/site\/servicos\/prova-de-carga-estatica\/graficos-copy\/#breadcrumb\",\"itemListElement\":[{\"@type\":\"ListItem\",\"position\":1,\"name\":\"In\u00edcio\",\"item\":\"https:\/\/www.geomec.com.br\/site\/\"},{\"@type\":\"ListItem\",\"position\":2,\"name\":\"Servi\u00e7os\",\"item\":\"https:\/\/www.geomec.com.br\/site\/servicos\/\"},{\"@type\":\"ListItem\",\"position\":3,\"name\":\"Prova de Carga Est\u00e1tica\",\"item\":\"https:\/\/www.geomec.com.br\/site\/servicos\/prova-de-carga-estatica\/\"},{\"@type\":\"ListItem\",\"position\":4,\"name\":\"Sistema de aquisi\u00e7\u00e3o de dados t\u00edpico\u200b\"}]},{\"@type\":\"WebSite\",\"@id\":\"https:\/\/www.geomec.com.br\/site\/#website\",\"url\":\"https:\/\/www.geomec.com.br\/site\/\",\"name\":\"Geomec\",\"description\":\"Engenharia Geot\u00e9cnica e de Funda\u00e7\u00f5es\",\"publisher\":{\"@id\":\"https:\/\/www.geomec.com.br\/site\/#organization\"},\"potentialAction\":[{\"@type\":\"SearchAction\",\"target\":{\"@type\":\"EntryPoint\",\"urlTemplate\":\"https:\/\/www.geomec.com.br\/site\/?s={search_term_string}\"},\"query-input\":{\"@type\":\"PropertyValueSpecification\",\"valueRequired\":true,\"valueName\":\"search_term_string\"}}],\"inLanguage\":\"pt-BR\"},{\"@type\":\"Organization\",\"@id\":\"https:\/\/www.geomec.com.br\/site\/#organization\",\"name\":\"Geomec\",\"url\":\"https:\/\/www.geomec.com.br\/site\/\",\"logo\":{\"@type\":\"ImageObject\",\"inLanguage\":\"pt-BR\",\"@id\":\"https:\/\/www.geomec.com.br\/site\/#\/schema\/logo\/image\/\",\"url\":\"https:\/\/www.geomec.com.br\/site\/wp-content\/uploads\/2023\/08\/logo.png\",\"contentUrl\":\"https:\/\/www.geomec.com.br\/site\/wp-content\/uploads\/2023\/08\/logo.png\",\"width\":399,\"height\":74,\"caption\":\"Geomec\"},\"image\":{\"@id\":\"https:\/\/www.geomec.com.br\/site\/#\/schema\/logo\/image\/\"}}]}<\/script>\n<!-- \/ Yoast SEO plugin. -->","yoast_head_json":{"title":"Sistema de aquisi\u00e7\u00e3o de dados t\u00edpico\u200b - Geomec","robots":{"index":"index","follow":"follow","max-snippet":"max-snippet:-1","max-image-preview":"max-image-preview:large","max-video-preview":"max-video-preview:-1"},"canonical":"https:\/\/www.geomec.com.br\/site\/servicos\/prova-de-carga-estatica\/graficos-copy\/","og_locale":"pt_BR","og_type":"article","og_title":"Sistema de aquisi\u00e7\u00e3o de dados t\u00edpico\u200b - Geomec","og_description":"Sistema de aquisi\u00e7\u00e3o de dados t\u00edpico\u200b &lt;a href=\"https:\/\/www.geomec.com.br\/site\/servicos\/prova-de-carga-estatica\/\"&gt;Prova de Carga Est\u00e1tica&lt;\/a&gt; &lt;style&gt;\/*! elementor - v3.16.0 - 09-10-2023 *\/ .elementor-widget-image{text-align:center}.elementor-widget-image a{display:inline-block}.elementor-widget-image a img[src$=&#8221;.svg&#8221;]{width:48px}.elementor-widget-image img{vertical-align:middle;display:inline-block} Solicite um or\u00e7amento Conhe\u00e7a nossos canais de atendimento Clique Aqui","og_url":"https:\/\/www.geomec.com.br\/site\/servicos\/prova-de-carga-estatica\/graficos-copy\/","og_site_name":"Geomec","article_modified_time":"2023-10-16T18:59:25+00:00","og_image":[{"url":"https:\/\/www.geomec.com.br\/site\/wp-content\/uploads\/2023\/08\/prova_carga_estatica.png","type":"","width":"","height":""}],"twitter_card":"summary_large_image","twitter_misc":{"Est. tempo de leitura":"1 minuto"},"schema":{"@context":"https:\/\/schema.org","@graph":[{"@type":"WebPage","@id":"https:\/\/www.geomec.com.br\/site\/servicos\/prova-de-carga-estatica\/graficos-copy\/","url":"https:\/\/www.geomec.com.br\/site\/servicos\/prova-de-carga-estatica\/graficos-copy\/","name":"Sistema de aquisi\u00e7\u00e3o de dados t\u00edpico\u200b - Geomec","isPartOf":{"@id":"https:\/\/www.geomec.com.br\/site\/#website"},"primaryImageOfPage":{"@id":"https:\/\/www.geomec.com.br\/site\/servicos\/prova-de-carga-estatica\/graficos-copy\/#primaryimage"},"image":{"@id":"https:\/\/www.geomec.com.br\/site\/servicos\/prova-de-carga-estatica\/graficos-copy\/#primaryimage"},"thumbnailUrl":"https:\/\/www.geomec.com.br\/site\/wp-content\/uploads\/2023\/08\/prova_carga_estatica.png","datePublished":"2023-10-16T18:58:19+00:00","dateModified":"2023-10-16T18:59:25+00:00","breadcrumb":{"@id":"https:\/\/www.geomec.com.br\/site\/servicos\/prova-de-carga-estatica\/graficos-copy\/#breadcrumb"},"inLanguage":"pt-BR","potentialAction":[{"@type":"ReadAction","target":["https:\/\/www.geomec.com.br\/site\/servicos\/prova-de-carga-estatica\/graficos-copy\/"]}]},{"@type":"ImageObject","inLanguage":"pt-BR","@id":"https:\/\/www.geomec.com.br\/site\/servicos\/prova-de-carga-estatica\/graficos-copy\/#primaryimage","url":"https:\/\/www.geomec.com.br\/site\/wp-content\/uploads\/2023\/08\/prova_carga_estatica.png","contentUrl":"https:\/\/www.geomec.com.br\/site\/wp-content\/uploads\/2023\/08\/prova_carga_estatica.png"},{"@type":"BreadcrumbList","@id":"https:\/\/www.geomec.com.br\/site\/servicos\/prova-de-carga-estatica\/graficos-copy\/#breadcrumb","itemListElement":[{"@type":"ListItem","position":1,"name":"In\u00edcio","item":"https:\/\/www.geomec.com.br\/site\/"},{"@type":"ListItem","position":2,"name":"Servi\u00e7os","item":"https:\/\/www.geomec.com.br\/site\/servicos\/"},{"@type":"ListItem","position":3,"name":"Prova de Carga Est\u00e1tica","item":"https:\/\/www.geomec.com.br\/site\/servicos\/prova-de-carga-estatica\/"},{"@type":"ListItem","position":4,"name":"Sistema de aquisi\u00e7\u00e3o de dados t\u00edpico\u200b"}]},{"@type":"WebSite","@id":"https:\/\/www.geomec.com.br\/site\/#website","url":"https:\/\/www.geomec.com.br\/site\/","name":"Geomec","description":"Engenharia Geot\u00e9cnica e de Funda\u00e7\u00f5es","publisher":{"@id":"https:\/\/www.geomec.com.br\/site\/#organization"},"potentialAction":[{"@type":"SearchAction","target":{"@type":"EntryPoint","urlTemplate":"https:\/\/www.geomec.com.br\/site\/?s={search_term_string}"},"query-input":{"@type":"PropertyValueSpecification","valueRequired":true,"valueName":"search_term_string"}}],"inLanguage":"pt-BR"},{"@type":"Organization","@id":"https:\/\/www.geomec.com.br\/site\/#organization","name":"Geomec","url":"https:\/\/www.geomec.com.br\/site\/","logo":{"@type":"ImageObject","inLanguage":"pt-BR","@id":"https:\/\/www.geomec.com.br\/site\/#\/schema\/logo\/image\/","url":"https:\/\/www.geomec.com.br\/site\/wp-content\/uploads\/2023\/08\/logo.png","contentUrl":"https:\/\/www.geomec.com.br\/site\/wp-content\/uploads\/2023\/08\/logo.png","width":399,"height":74,"caption":"Geomec"},"image":{"@id":"https:\/\/www.geomec.com.br\/site\/#\/schema\/logo\/image\/"}}]}},"jetpack_sharing_enabled":true,"jetpack_shortlink":"https:\/\/wp.me\/Pf2a7j-1bt","_links":{"self":[{"href":"https:\/\/www.geomec.com.br\/site\/wp-json\/wp\/v2\/pages\/4555","targetHints":{"allow":["GET"]}}],"collection":[{"href":"https:\/\/www.geomec.com.br\/site\/wp-json\/wp\/v2\/pages"}],"about":[{"href":"https:\/\/www.geomec.com.br\/site\/wp-json\/wp\/v2\/types\/page"}],"author":[{"embeddable":true,"href":"https:\/\/www.geomec.com.br\/site\/wp-json\/wp\/v2\/users\/1"}],"replies":[{"embeddable":true,"href":"https:\/\/www.geomec.com.br\/site\/wp-json\/wp\/v2\/comments?post=4555"}],"version-history":[{"count":7,"href":"https:\/\/www.geomec.com.br\/site\/wp-json\/wp\/v2\/pages\/4555\/revisions"}],"predecessor-version":[{"id":4562,"href":"https:\/\/www.geomec.com.br\/site\/wp-json\/wp\/v2\/pages\/4555\/revisions\/4562"}],"up":[{"embeddable":true,"href":"https:\/\/www.geomec.com.br\/site\/wp-json\/wp\/v2\/pages\/727"}],"wp:attachment":[{"href":"https:\/\/www.geomec.com.br\/site\/wp-json\/wp\/v2\/media?parent=4555"}],"curies":[{"name":"wp","href":"https:\/\/api.w.org\/{rel}","templated":true}]}}