{"id":4531,"date":"2023-10-16T15:42:56","date_gmt":"2023-10-16T18:42:56","guid":{"rendered":"https:\/\/www.geomec.com.br\/site\/?page_id=4531"},"modified":"2023-10-16T15:50:47","modified_gmt":"2023-10-16T18:50:47","slug":"prova-de-carga-estatica-2","status":"publish","type":"page","link":"https:\/\/www.geomec.com.br\/site\/servicos\/prova-de-carga-estatica\/prova-de-carga-estatica-2\/","title":{"rendered":"Gr\u00e1ficos"},"content":{"rendered":"\t\t<div data-elementor-type=\"wp-page\" data-elementor-id=\"4531\" class=\"elementor elementor-4531\" data-elementor-post-type=\"page\">\n\t\t\t\t\t\t<section class=\"elementor-section elementor-top-section elementor-element elementor-element-77b23697 elementor-section-height-min-height elementor-section-items-bottom elementor-section-boxed elementor-section-height-default\" data-id=\"77b23697\" data-element_type=\"section\" data-e-type=\"section\" data-settings=\"{&quot;background_background&quot;:&quot;classic&quot;,&quot;background_motion_fx_motion_fx_scrolling&quot;:&quot;yes&quot;,&quot;background_motion_fx_translateY_effect&quot;:&quot;yes&quot;,&quot;background_motion_fx_translateY_direction&quot;:&quot;negative&quot;,&quot;background_motion_fx_translateY_speed&quot;:{&quot;unit&quot;:&quot;px&quot;,&quot;size&quot;:3,&quot;sizes&quot;:[]},&quot;background_motion_fx_translateY_affectedRange&quot;:{&quot;unit&quot;:&quot;%&quot;,&quot;size&quot;:&quot;&quot;,&quot;sizes&quot;:{&quot;start&quot;:0,&quot;end&quot;:100}},&quot;background_motion_fx_devices&quot;:[&quot;desktop&quot;,&quot;tablet&quot;,&quot;mobile&quot;]}\">\n\t\t\t\t\t\t\t<div class=\"elementor-background-overlay\"><\/div>\n\t\t\t\t\t\t\t<div class=\"elementor-container elementor-column-gap-no\">\n\t\t\t\t\t<div class=\"elementor-column elementor-col-100 elementor-top-column elementor-element elementor-element-1cfee8eb\" data-id=\"1cfee8eb\" data-element_type=\"column\" data-e-type=\"column\" data-settings=\"{&quot;background_background&quot;:&quot;classic&quot;}\">\n\t\t\t<div class=\"elementor-widget-wrap elementor-element-populated\">\n\t\t\t\t\t\t<section class=\"elementor-section elementor-inner-section elementor-element elementor-element-6907a69a elementor-section-content-bottom elementor-section-boxed elementor-section-height-default elementor-section-height-default\" data-id=\"6907a69a\" data-element_type=\"section\" data-e-type=\"section\" data-settings=\"{&quot;background_background&quot;:&quot;classic&quot;}\">\n\t\t\t\t\t\t<div class=\"elementor-container elementor-column-gap-no\">\n\t\t\t\t\t<div class=\"elementor-column elementor-col-33 elementor-inner-column elementor-element elementor-element-2c2dfc84 elementor-hidden-tablet elementor-hidden-phone\" data-id=\"2c2dfc84\" data-element_type=\"column\" data-e-type=\"column\">\n\t\t\t<div class=\"elementor-widget-wrap\">\n\t\t\t\t\t\t\t<\/div>\n\t\t<\/div>\n\t\t\t\t<div class=\"elementor-column elementor-col-33 elementor-inner-column elementor-element elementor-element-7ed73f5d\" data-id=\"7ed73f5d\" data-element_type=\"column\" data-e-type=\"column\">\n\t\t\t<div class=\"elementor-widget-wrap elementor-element-populated\">\n\t\t\t\t\t<div class=\"elementor-background-overlay\"><\/div>\n\t\t\t\t\t\t<div class=\"elementor-element elementor-element-723cb4c1 elementor-widget elementor-widget-heading\" data-id=\"723cb4c1\" data-element_type=\"widget\" data-e-type=\"widget\" data-widget_type=\"heading.default\">\n\t\t\t\t<div class=\"elementor-widget-container\">\n\t\t\t\t\t<h1 class=\"elementor-heading-title elementor-size-default\">Gr\u00e1ficos<\/h1>\t\t\t\t<\/div>\n\t\t\t\t<\/div>\n\t\t\t\t<div class=\"elementor-element elementor-element-276d3e7 elementor-widget elementor-widget-text-editor\" data-id=\"276d3e7\" data-element_type=\"widget\" data-e-type=\"widget\" data-widget_type=\"text-editor.default\">\n\t\t\t\t<div class=\"elementor-widget-container\">\n\t\t\t\t\t\t\t\t\t<a href=\"https:\/\/www.geomec.com.br\/site\/servicos\/prova-de-carga-estatica\/\">Prova de Carga Est\u00e1tica<\/a>\t\t\t\t\t\t\t\t<\/div>\n\t\t\t\t<\/div>\n\t\t\t\t\t<\/div>\n\t\t<\/div>\n\t\t\t\t<div class=\"elementor-column elementor-col-33 elementor-inner-column elementor-element elementor-element-2645da6d elementor-hidden-tablet elementor-hidden-phone\" data-id=\"2645da6d\" data-element_type=\"column\" data-e-type=\"column\">\n\t\t\t<div class=\"elementor-widget-wrap\">\n\t\t\t\t\t\t\t<\/div>\n\t\t<\/div>\n\t\t\t\t\t<\/div>\n\t\t<\/section>\n\t\t\t\t\t<\/div>\n\t\t<\/div>\n\t\t\t\t\t<\/div>\n\t\t<\/section>\n\t\t\t\t<section class=\"elementor-section elementor-top-section elementor-element elementor-element-7b7d6edd elementor-section-boxed elementor-section-height-default elementor-section-height-default\" data-id=\"7b7d6edd\" data-element_type=\"section\" data-e-type=\"section\">\n\t\t\t\t\t\t<div class=\"elementor-container elementor-column-gap-no\">\n\t\t\t\t\t<div class=\"elementor-column elementor-col-100 elementor-top-column elementor-element elementor-element-122ccb7d\" data-id=\"122ccb7d\" data-element_type=\"column\" data-e-type=\"column\">\n\t\t\t<div class=\"elementor-widget-wrap\">\n\t\t\t\t\t\t\t<\/div>\n\t\t<\/div>\n\t\t\t\t\t<\/div>\n\t\t<\/section>\n\t\t\t\t<section class=\"elementor-section elementor-top-section elementor-element elementor-element-c2a7f46 elementor-section-boxed elementor-section-height-default elementor-section-height-default\" data-id=\"c2a7f46\" data-element_type=\"section\" data-e-type=\"section\">\n\t\t\t\t\t\t<div class=\"elementor-container elementor-column-gap-default\">\n\t\t\t\t\t<div class=\"elementor-column elementor-col-100 elementor-top-column elementor-element elementor-element-7b66931\" data-id=\"7b66931\" data-element_type=\"column\" data-e-type=\"column\">\n\t\t\t<div class=\"elementor-widget-wrap elementor-element-populated\">\n\t\t\t\t\t\t<div class=\"elementor-element elementor-element-5dae44f elementor-widget elementor-widget-heading\" data-id=\"5dae44f\" data-element_type=\"widget\" data-e-type=\"widget\" data-widget_type=\"heading.default\">\n\t\t\t\t<div class=\"elementor-widget-container\">\n\t\t\t\t\t<h4 class=\"elementor-heading-title elementor-size-default\">Quantidade acumulada de ensaios<\/h4>\t\t\t\t<\/div>\n\t\t\t\t<\/div>\n\t\t\t\t<div class=\"elementor-element elementor-element-8660081 elementor-widget elementor-widget-shortcode\" data-id=\"8660081\" data-element_type=\"widget\" data-e-type=\"widget\" data-widget_type=\"shortcode.default\">\n\t\t\t\t<div class=\"elementor-widget-container\">\n\t\t\t\t\t\t\t<div class=\"elementor-shortcode\">\n    <script type=\"text\/javascript\">\n        if (typeof (wpDataCharts) == 'undefined') wpDataCharts = {};\n        wpDataCharts[19] = {\n            render_data: {\"options\":{\"data\":{\"labels\":[2011,2012,2013,2014,2015,2016,2017,2018,2019,202,2021,2022,2023,2024,2025],\"datasets\":[{\"label\":\"Ensaios\",\"orig_header\":\"Ensaios\",\"backgroundColor\":\"rgba(33,150,243,0.2)\",\"borderColor\":\"#2196F3\",\"borderWidth\":1,\"data\":[4,21,22,23,16,17,21,15,17,23,16,30,33,11,10],\"lineTension\":0,\"fill\":true}]},\"options\":{\"maintainAspectRatio\":true,\"scales\":{\"x\":{\"title\":{\"display\":true,\"text\":\"Ano\",\"font\":{\"size\":12,\"weight\":\"bold\",\"style\":\"normal\",\"family\":\"Arial\"},\"color\":\"#666\"},\"ticks\":{\"color\":\"#666\",\"font\":{\"size\":12,\"weight\":\"bold\",\"style\":\"normal\",\"family\":\"Arial\"}}},\"y\":{\"title\":{\"display\":true,\"text\":\"Quantidade de Ensaios\",\"font\":{\"size\":12,\"weight\":\"bold\",\"style\":\"normal\",\"family\":\"Arial\"},\"color\":\"#666\"},\"beginAtZero\":false,\"ticks\":{\"color\":\"#666\",\"font\":{\"size\":12,\"weight\":\"bold\",\"style\":\"normal\",\"family\":\"Arial\"}}}},\"plugins\":{\"title\":{\"display\":true,\"text\":\"Quantidade acumulada de ensaios\",\"position\":\"top\",\"font\":{\"family\":\"Arial\",\"weight\":\"bold\",\"style\":\"normal\",\"size\":12},\"color\":\"#666\"},\"tooltip\":{\"enabled\":true,\"mode\":\"nearest\",\"intersect\":true,\"backgroundColor\":\"rgb(0,0,0)\",\"cornerRadius\":3,\"titleFont\":{\"size\":12},\"bodyFont\":{\"size\":12},\"footerFont\":{\"size\":12}},\"legend\":{\"display\":true,\"position\":\"bottom\",\"labels\":{\"color\":\"#666\",\"font\":{\"size\":12,\"weight\":\"bold\",\"style\":\"normal\"}}}}},\"globalOptions\":{\"font\":{\"size\":12,\"family\":\"Arial\",\"style\":\"normal\",\"weight\":\"bold\"},\"color\":\"#666\"}},\"configurations\":{\"type\":\"chartjs_column_chart\",\"container\":{\"height\":400,\"width\":0},\"canvas\":{\"backgroundColor\":\"\",\"borderWidth\":\"0\",\"borderColor\":\"\",\"borderRadius\":0}}},\n            engine: \"chartjs\",\n            type: \"chartjs_column_chart\",\n            title: \"Quantidade acumulada de ensaios\",\n            container: \"wpDataChart_19\",\n            follow_filtering: 0,\n            wpdatatable_id: 21,\n            group_chart: 0        }\n    <\/script>\n\n    <div id=\"chartJSContainer_19\">\n        <canvas id=\"chartJSCanvas_19\" aria-label=\"Quantidade acumulada de ensaios\"\n                role=\"img\"><\/canvas>\n    <\/div>\n<\/div>\n\t\t\t\t\t\t<\/div>\n\t\t\t\t<\/div>\n\t\t\t\t\t<\/div>\n\t\t<\/div>\n\t\t\t\t\t<\/div>\n\t\t<\/section>\n\t\t\t\t<section class=\"elementor-section elementor-top-section elementor-element elementor-element-b58c0fe elementor-section-boxed elementor-section-height-default elementor-section-height-default\" data-id=\"b58c0fe\" data-element_type=\"section\" data-e-type=\"section\">\n\t\t\t\t\t\t<div class=\"elementor-container elementor-column-gap-default\">\n\t\t\t\t\t<div class=\"elementor-column elementor-col-100 elementor-top-column elementor-element elementor-element-b06360b\" data-id=\"b06360b\" data-element_type=\"column\" data-e-type=\"column\">\n\t\t\t<div class=\"elementor-widget-wrap elementor-element-populated\">\n\t\t\t\t\t\t<div class=\"elementor-element elementor-element-608c4ac elementor-widget elementor-widget-heading\" data-id=\"608c4ac\" data-element_type=\"widget\" data-e-type=\"widget\" data-widget_type=\"heading.default\">\n\t\t\t\t<div class=\"elementor-widget-container\">\n\t\t\t\t\t<h4 class=\"elementor-heading-title elementor-size-default\">Distribui\u00e7\u00e3o dos tipos de provas de carga<\/h4>\t\t\t\t<\/div>\n\t\t\t\t<\/div>\n\t\t\t\t<div class=\"elementor-element elementor-element-7ee45b5 elementor-widget elementor-widget-shortcode\" data-id=\"7ee45b5\" data-element_type=\"widget\" data-e-type=\"widget\" data-widget_type=\"shortcode.default\">\n\t\t\t\t<div class=\"elementor-widget-container\">\n\t\t\t\t\t\t\t<div class=\"elementor-shortcode\">\n    <script type=\"text\/javascript\">\n        if (typeof (wpDataCharts) == 'undefined') wpDataCharts = {};\n        wpDataCharts[20] = {\n            render_data: {\"columns\":[{\"type\":\"string\",\"label\":\"Provas\",\"orig_header\":\"Provas\"},{\"type\":\"number\",\"label\":\"Quantidade\",\"orig_header\":\"Quantidade\"}],\"rows\":[[\"Provas de Carga Est\\u00e1tica Horizontal;\",6],[\"Provas de Carga Est\\u00e1tica \\u00e0 Tra\\u00e7\\u00e3o;\",7],[\"Provas de Carga Est\\u00e1tica sobre Placa (Ensaio de Placa)\",31],[\"Provas de Carga Est\\u00e1tica Top Down\",244]],\"axes\":{\"major\":{\"type\":\"string\",\"label\":\"Provas\"},\"minor\":{\"type\":\"number\",\"label\":\"\"}},\"options\":{\"title\":\"Distribui\\u00e7\\u00e3o dos tipos de provas de carga\",\"series\":[{\"color\":\"\",\"label\":\"Quantidade\"}],\"height\":550,\"responsive_width\":1,\"hAxis\":{\"title\":\"\",\"gridlines\":{\"color\":\"transparent\"},\"direction\":\"1\"},\"vAxis\":{\"title\":\"\",\"gridlines\":{\"color\":\"transparent\"},\"direction\":\"1\",\"viewWindow\":{\"min\":\"0\",\"max\":\"\"}},\"backgroundColor\":{\"fill\":\"\",\"strokeWidth\":0,\"stroke\":\"\",\"rx\":0},\"chartArea\":{\"backgroundColor\":{\"fill\":\"\",\"strokeWidth\":0,\"stroke\":\"\"}},\"fontSize\":\"12\",\"fontName\":\"Arial\",\"is3D\":true,\"colors\":[\"#3366CC\",\"#DC3912\",\"#FF9900\",\"#109618\",\"#990099\",\"#3B3EAC\",\"#0099C6\",\"#DD4477\",\"#66AA00\",\"#B82E2E\",\"#316395\",\"#994499\",\"#22AA99\",\"#AAAA11\",\"#6633CC\",\"#E67300\",\"#8B0707\",\"#329262\",\"#5574A6\",\"#3B3EAC\"],\"crosshair\":{\"trigger\":\"\",\"orientation\":\"\"},\"orientation\":\"horizontal\",\"titlePosition\":\"out\",\"tooltip\":{\"trigger\":\"focus\"},\"legend\":{\"position\":\"right\",\"alignment\":\"center\"}},\"vAxis\":[],\"hAxis\":[],\"errors\":[],\"series\":[{\"label\":\"Quantidade\",\"color\":\"#3366CC\",\"orig_header\":\"Quantidade\"}],\"group_chart\":false,\"show_grid\":false,\"type\":\"google_pie_chart\"},\n            engine: \"google\",\n            type: \"google_pie_chart\",\n            title: \"Distribui\u00e7\u00e3o dos tipos de provas de carga\",\n            container: \"wpDataChart_20\",\n            follow_filtering: 0,\n            wpdatatable_id: 22,\n            group_chart: 0        }\n    <\/script>\n\n    <div id=\"wpDataChart_20\" class=\"google_pie_chart\" style=\"width: 100%\"><\/div>\n<\/div>\n\t\t\t\t\t\t<\/div>\n\t\t\t\t<\/div>\n\t\t\t\t\t<\/div>\n\t\t<\/div>\n\t\t\t\t\t<\/div>\n\t\t<\/section>\n\t\t\t\t<section class=\"elementor-section elementor-top-section elementor-element elementor-element-5017eb22 elementor-section-height-min-height elementor-section-boxed elementor-section-height-default elementor-section-items-middle\" data-id=\"5017eb22\" data-element_type=\"section\" data-e-type=\"section\" data-settings=\"{&quot;background_background&quot;:&quot;classic&quot;,&quot;background_motion_fx_motion_fx_mouse&quot;:&quot;yes&quot;,&quot;background_motion_fx_mouseTrack_effect&quot;:&quot;yes&quot;,&quot;shape_divider_bottom&quot;:&quot;arrow&quot;,&quot;background_motion_fx_mouseTrack_speed&quot;:{&quot;unit&quot;:&quot;px&quot;,&quot;size&quot;:1,&quot;sizes&quot;:[]}}\">\n\t\t\t\t\t\t\t<div class=\"elementor-background-overlay\"><\/div>\n\t\t\t\t\t\t<div class=\"elementor-shape elementor-shape-bottom\" aria-hidden=\"true\" data-negative=\"false\">\n\t\t\t<svg xmlns=\"http:\/\/www.w3.org\/2000\/svg\" viewBox=\"0 0 700 10\" preserveAspectRatio=\"none\">\n\t<path class=\"elementor-shape-fill\" d=\"M350,10L340,0h20L350,10z\"\/>\n<\/svg>\t\t<\/div>\n\t\t\t\t\t<div class=\"elementor-container elementor-column-gap-no\">\n\t\t\t\t\t<div class=\"elementor-column elementor-col-100 elementor-top-column elementor-element elementor-element-414bd585\" data-id=\"414bd585\" data-element_type=\"column\" data-e-type=\"column\">\n\t\t\t<div class=\"elementor-widget-wrap elementor-element-populated\">\n\t\t\t\t\t\t<div class=\"elementor-element elementor-element-81b4f3d elementor-cta--layout-image-above elementor-cta--valign-bottom elementor-cta--skin-classic elementor-animated-content elementor-widget elementor-widget-call-to-action\" data-id=\"81b4f3d\" data-element_type=\"widget\" data-e-type=\"widget\" data-widget_type=\"call-to-action.default\">\n\t\t\t\t<div class=\"elementor-widget-container\">\n\t\t\t\t\t\t\t<div class=\"elementor-cta\">\n\t\t\t\t\t\t\t<div class=\"elementor-cta__content\">\n\t\t\t\t\n\t\t\t\t\t\t\t\t\t<h2 class=\"elementor-cta__title elementor-cta__content-item elementor-content-item\">\n\t\t\t\t\t\tSolicite um or\u00e7amento\t\t\t\t\t<\/h2>\n\t\t\t\t\n\t\t\t\t\t\t\t\t\t<div class=\"elementor-cta__description elementor-cta__content-item elementor-content-item\">\n\t\t\t\t\t\tConhe\u00e7a nossos canais de atendimento\t\t\t\t\t<\/div>\n\t\t\t\t\n\t\t\t\t\t\t\t\t\t<div class=\"elementor-cta__button-wrapper elementor-cta__content-item elementor-content-item \">\n\t\t\t\t\t<a class=\"elementor-cta__button elementor-button elementor-size-md\" href=\"https:\/\/www.geomec.com.br\/site\/contato\/\">\n\t\t\t\t\t\tClique Aqui\t\t\t\t\t<\/a>\n\t\t\t\t\t<\/div>\n\t\t\t\t\t\t\t<\/div>\n\t\t\t\t\t\t<\/div>\n\t\t\t\t\t\t<\/div>\n\t\t\t\t<\/div>\n\t\t\t\t\t<\/div>\n\t\t<\/div>\n\t\t\t\t\t<\/div>\n\t\t<\/section>\n\t\t\t\t<\/div>\n\t\t","protected":false},"excerpt":{"rendered":"<p>Gr\u00e1ficos &lt;a href=&#8221;https:\/\/www.geomec.com.br\/site\/servicos\/prova-de-carga-estatica\/&#8221;&gt;Prova de Carga Est\u00e1tica&lt;\/a&gt; &lt;h4&gt;Quantidade acumulada de ensaios&lt;\/h4&gt; &lt;h4&gt;Distribui\u00e7\u00e3o dos tipos de provas de carga&lt;\/h4&gt; &lt;h2&gt; Solicite um or\u00e7amento &lt;\/h2&gt; Conhe\u00e7a nossos canais de atendimento &lt;a&gt; Clique Aqui &lt;\/a&gt;<\/p>\n","protected":false},"author":1,"featured_media":0,"parent":727,"menu_order":4,"comment_status":"closed","ping_status":"closed","template":"","meta":{"jetpack_post_was_ever_published":false,"footnotes":""},"class_list":["post-4531","page","type-page","status-publish","hentry"],"yoast_head":"<!-- This site is optimized with the Yoast SEO plugin v27.2 - https:\/\/yoast.com\/product\/yoast-seo-wordpress\/ -->\n<title>Gr\u00e1ficos - Geomec<\/title>\n<meta name=\"robots\" content=\"index, follow, max-snippet:-1, max-image-preview:large, max-video-preview:-1\" \/>\n<link rel=\"canonical\" href=\"https:\/\/www.geomec.com.br\/site\/servicos\/prova-de-carga-estatica\/prova-de-carga-estatica-2\/\" \/>\n<meta property=\"og:locale\" content=\"pt_BR\" \/>\n<meta property=\"og:type\" content=\"article\" \/>\n<meta property=\"og:title\" content=\"Gr\u00e1ficos - Geomec\" \/>\n<meta property=\"og:description\" content=\"Gr\u00e1ficos &lt;a href=&quot;https:\/\/www.geomec.com.br\/site\/servicos\/prova-de-carga-estatica\/&quot;&gt;Prova de Carga Est\u00e1tica&lt;\/a&gt; &lt;h4&gt;Quantidade acumulada de ensaios&lt;\/h4&gt; &lt;h4&gt;Distribui\u00e7\u00e3o dos tipos de provas de carga&lt;\/h4&gt; &lt;h2&gt; Solicite um or\u00e7amento &lt;\/h2&gt; Conhe\u00e7a nossos canais de atendimento &lt;a&gt; Clique Aqui &lt;\/a&gt;\" \/>\n<meta property=\"og:url\" content=\"https:\/\/www.geomec.com.br\/site\/servicos\/prova-de-carga-estatica\/prova-de-carga-estatica-2\/\" \/>\n<meta property=\"og:site_name\" content=\"Geomec\" \/>\n<meta property=\"article:modified_time\" content=\"2023-10-16T18:50:47+00:00\" \/>\n<meta name=\"twitter:card\" content=\"summary_large_image\" \/>\n<meta name=\"twitter:label1\" content=\"Est. tempo de leitura\" \/>\n\t<meta name=\"twitter:data1\" content=\"1 minuto\" \/>\n<script type=\"application\/ld+json\" class=\"yoast-schema-graph\">{\"@context\":\"https:\/\/schema.org\",\"@graph\":[{\"@type\":\"WebPage\",\"@id\":\"https:\/\/www.geomec.com.br\/site\/servicos\/prova-de-carga-estatica\/prova-de-carga-estatica-2\/\",\"url\":\"https:\/\/www.geomec.com.br\/site\/servicos\/prova-de-carga-estatica\/prova-de-carga-estatica-2\/\",\"name\":\"Gr\u00e1ficos - Geomec\",\"isPartOf\":{\"@id\":\"https:\/\/www.geomec.com.br\/site\/#website\"},\"datePublished\":\"2023-10-16T18:42:56+00:00\",\"dateModified\":\"2023-10-16T18:50:47+00:00\",\"breadcrumb\":{\"@id\":\"https:\/\/www.geomec.com.br\/site\/servicos\/prova-de-carga-estatica\/prova-de-carga-estatica-2\/#breadcrumb\"},\"inLanguage\":\"pt-BR\",\"potentialAction\":[{\"@type\":\"ReadAction\",\"target\":[\"https:\/\/www.geomec.com.br\/site\/servicos\/prova-de-carga-estatica\/prova-de-carga-estatica-2\/\"]}]},{\"@type\":\"BreadcrumbList\",\"@id\":\"https:\/\/www.geomec.com.br\/site\/servicos\/prova-de-carga-estatica\/prova-de-carga-estatica-2\/#breadcrumb\",\"itemListElement\":[{\"@type\":\"ListItem\",\"position\":1,\"name\":\"In\u00edcio\",\"item\":\"https:\/\/www.geomec.com.br\/site\/\"},{\"@type\":\"ListItem\",\"position\":2,\"name\":\"Servi\u00e7os\",\"item\":\"https:\/\/www.geomec.com.br\/site\/servicos\/\"},{\"@type\":\"ListItem\",\"position\":3,\"name\":\"Prova de Carga Est\u00e1tica\",\"item\":\"https:\/\/www.geomec.com.br\/site\/servicos\/prova-de-carga-estatica\/\"},{\"@type\":\"ListItem\",\"position\":4,\"name\":\"Gr\u00e1ficos\"}]},{\"@type\":\"WebSite\",\"@id\":\"https:\/\/www.geomec.com.br\/site\/#website\",\"url\":\"https:\/\/www.geomec.com.br\/site\/\",\"name\":\"Geomec\",\"description\":\"Engenharia Geot\u00e9cnica e de Funda\u00e7\u00f5es\",\"publisher\":{\"@id\":\"https:\/\/www.geomec.com.br\/site\/#organization\"},\"potentialAction\":[{\"@type\":\"SearchAction\",\"target\":{\"@type\":\"EntryPoint\",\"urlTemplate\":\"https:\/\/www.geomec.com.br\/site\/?s={search_term_string}\"},\"query-input\":{\"@type\":\"PropertyValueSpecification\",\"valueRequired\":true,\"valueName\":\"search_term_string\"}}],\"inLanguage\":\"pt-BR\"},{\"@type\":\"Organization\",\"@id\":\"https:\/\/www.geomec.com.br\/site\/#organization\",\"name\":\"Geomec\",\"url\":\"https:\/\/www.geomec.com.br\/site\/\",\"logo\":{\"@type\":\"ImageObject\",\"inLanguage\":\"pt-BR\",\"@id\":\"https:\/\/www.geomec.com.br\/site\/#\/schema\/logo\/image\/\",\"url\":\"https:\/\/www.geomec.com.br\/site\/wp-content\/uploads\/2023\/08\/logo.png\",\"contentUrl\":\"https:\/\/www.geomec.com.br\/site\/wp-content\/uploads\/2023\/08\/logo.png\",\"width\":399,\"height\":74,\"caption\":\"Geomec\"},\"image\":{\"@id\":\"https:\/\/www.geomec.com.br\/site\/#\/schema\/logo\/image\/\"}}]}<\/script>\n<!-- \/ Yoast SEO plugin. -->","yoast_head_json":{"title":"Gr\u00e1ficos - Geomec","robots":{"index":"index","follow":"follow","max-snippet":"max-snippet:-1","max-image-preview":"max-image-preview:large","max-video-preview":"max-video-preview:-1"},"canonical":"https:\/\/www.geomec.com.br\/site\/servicos\/prova-de-carga-estatica\/prova-de-carga-estatica-2\/","og_locale":"pt_BR","og_type":"article","og_title":"Gr\u00e1ficos - Geomec","og_description":"Gr\u00e1ficos &lt;a href=\"https:\/\/www.geomec.com.br\/site\/servicos\/prova-de-carga-estatica\/\"&gt;Prova de Carga Est\u00e1tica&lt;\/a&gt; &lt;h4&gt;Quantidade acumulada de ensaios&lt;\/h4&gt; &lt;h4&gt;Distribui\u00e7\u00e3o dos tipos de provas de carga&lt;\/h4&gt; &lt;h2&gt; Solicite um or\u00e7amento &lt;\/h2&gt; Conhe\u00e7a nossos canais de atendimento &lt;a&gt; Clique Aqui &lt;\/a&gt;","og_url":"https:\/\/www.geomec.com.br\/site\/servicos\/prova-de-carga-estatica\/prova-de-carga-estatica-2\/","og_site_name":"Geomec","article_modified_time":"2023-10-16T18:50:47+00:00","twitter_card":"summary_large_image","twitter_misc":{"Est. tempo de leitura":"1 minuto"},"schema":{"@context":"https:\/\/schema.org","@graph":[{"@type":"WebPage","@id":"https:\/\/www.geomec.com.br\/site\/servicos\/prova-de-carga-estatica\/prova-de-carga-estatica-2\/","url":"https:\/\/www.geomec.com.br\/site\/servicos\/prova-de-carga-estatica\/prova-de-carga-estatica-2\/","name":"Gr\u00e1ficos - Geomec","isPartOf":{"@id":"https:\/\/www.geomec.com.br\/site\/#website"},"datePublished":"2023-10-16T18:42:56+00:00","dateModified":"2023-10-16T18:50:47+00:00","breadcrumb":{"@id":"https:\/\/www.geomec.com.br\/site\/servicos\/prova-de-carga-estatica\/prova-de-carga-estatica-2\/#breadcrumb"},"inLanguage":"pt-BR","potentialAction":[{"@type":"ReadAction","target":["https:\/\/www.geomec.com.br\/site\/servicos\/prova-de-carga-estatica\/prova-de-carga-estatica-2\/"]}]},{"@type":"BreadcrumbList","@id":"https:\/\/www.geomec.com.br\/site\/servicos\/prova-de-carga-estatica\/prova-de-carga-estatica-2\/#breadcrumb","itemListElement":[{"@type":"ListItem","position":1,"name":"In\u00edcio","item":"https:\/\/www.geomec.com.br\/site\/"},{"@type":"ListItem","position":2,"name":"Servi\u00e7os","item":"https:\/\/www.geomec.com.br\/site\/servicos\/"},{"@type":"ListItem","position":3,"name":"Prova de Carga Est\u00e1tica","item":"https:\/\/www.geomec.com.br\/site\/servicos\/prova-de-carga-estatica\/"},{"@type":"ListItem","position":4,"name":"Gr\u00e1ficos"}]},{"@type":"WebSite","@id":"https:\/\/www.geomec.com.br\/site\/#website","url":"https:\/\/www.geomec.com.br\/site\/","name":"Geomec","description":"Engenharia Geot\u00e9cnica e de Funda\u00e7\u00f5es","publisher":{"@id":"https:\/\/www.geomec.com.br\/site\/#organization"},"potentialAction":[{"@type":"SearchAction","target":{"@type":"EntryPoint","urlTemplate":"https:\/\/www.geomec.com.br\/site\/?s={search_term_string}"},"query-input":{"@type":"PropertyValueSpecification","valueRequired":true,"valueName":"search_term_string"}}],"inLanguage":"pt-BR"},{"@type":"Organization","@id":"https:\/\/www.geomec.com.br\/site\/#organization","name":"Geomec","url":"https:\/\/www.geomec.com.br\/site\/","logo":{"@type":"ImageObject","inLanguage":"pt-BR","@id":"https:\/\/www.geomec.com.br\/site\/#\/schema\/logo\/image\/","url":"https:\/\/www.geomec.com.br\/site\/wp-content\/uploads\/2023\/08\/logo.png","contentUrl":"https:\/\/www.geomec.com.br\/site\/wp-content\/uploads\/2023\/08\/logo.png","width":399,"height":74,"caption":"Geomec"},"image":{"@id":"https:\/\/www.geomec.com.br\/site\/#\/schema\/logo\/image\/"}}]}},"jetpack_sharing_enabled":true,"jetpack_shortlink":"https:\/\/wp.me\/Pf2a7j-1b5","_links":{"self":[{"href":"https:\/\/www.geomec.com.br\/site\/wp-json\/wp\/v2\/pages\/4531","targetHints":{"allow":["GET"]}}],"collection":[{"href":"https:\/\/www.geomec.com.br\/site\/wp-json\/wp\/v2\/pages"}],"about":[{"href":"https:\/\/www.geomec.com.br\/site\/wp-json\/wp\/v2\/types\/page"}],"author":[{"embeddable":true,"href":"https:\/\/www.geomec.com.br\/site\/wp-json\/wp\/v2\/users\/1"}],"replies":[{"embeddable":true,"href":"https:\/\/www.geomec.com.br\/site\/wp-json\/wp\/v2\/comments?post=4531"}],"version-history":[{"count":10,"href":"https:\/\/www.geomec.com.br\/site\/wp-json\/wp\/v2\/pages\/4531\/revisions"}],"predecessor-version":[{"id":4545,"href":"https:\/\/www.geomec.com.br\/site\/wp-json\/wp\/v2\/pages\/4531\/revisions\/4545"}],"up":[{"embeddable":true,"href":"https:\/\/www.geomec.com.br\/site\/wp-json\/wp\/v2\/pages\/727"}],"wp:attachment":[{"href":"https:\/\/www.geomec.com.br\/site\/wp-json\/wp\/v2\/media?parent=4531"}],"curies":[{"name":"wp","href":"https:\/\/api.w.org\/{rel}","templated":true}]}}