{"id":393,"date":"2013-01-20T19:22:45","date_gmt":"2013-01-20T21:22:45","guid":{"rendered":"http:\/\/www.geomec.com.br\/?page_id=393"},"modified":"2023-08-31T17:11:04","modified_gmt":"2023-08-31T20:11:04","slug":"trabalhe-conosco","status":"publish","type":"page","link":"https:\/\/www.geomec.com.br\/site\/trabalhe-conosco\/","title":{"rendered":"Trabalhe Conosco"},"content":{"rendered":"\t\t<div data-elementor-type=\"wp-page\" data-elementor-id=\"393\" class=\"elementor elementor-393\" data-elementor-post-type=\"page\">\n\t\t\t\t\t\t<section class=\"elementor-section elementor-top-section elementor-element elementor-element-7de2ceff elementor-section-height-min-height elementor-section-items-bottom elementor-section-boxed elementor-section-height-default\" data-id=\"7de2ceff\" data-element_type=\"section\" data-e-type=\"section\" data-settings=\"{&quot;background_background&quot;:&quot;classic&quot;,&quot;background_motion_fx_motion_fx_scrolling&quot;:&quot;yes&quot;,&quot;background_motion_fx_translateY_effect&quot;:&quot;yes&quot;,&quot;background_motion_fx_translateY_direction&quot;:&quot;negative&quot;,&quot;background_motion_fx_translateY_speed&quot;:{&quot;unit&quot;:&quot;px&quot;,&quot;size&quot;:3,&quot;sizes&quot;:[]},&quot;background_motion_fx_translateY_affectedRange&quot;:{&quot;unit&quot;:&quot;%&quot;,&quot;size&quot;:&quot;&quot;,&quot;sizes&quot;:{&quot;start&quot;:0,&quot;end&quot;:100}},&quot;background_motion_fx_devices&quot;:[&quot;desktop&quot;,&quot;tablet&quot;,&quot;mobile&quot;]}\">\n\t\t\t\t\t\t\t<div class=\"elementor-background-overlay\"><\/div>\n\t\t\t\t\t\t\t<div class=\"elementor-container elementor-column-gap-no\">\n\t\t\t\t\t<div class=\"elementor-column elementor-col-100 elementor-top-column elementor-element elementor-element-5c31a5d1\" data-id=\"5c31a5d1\" data-element_type=\"column\" data-e-type=\"column\" data-settings=\"{&quot;background_background&quot;:&quot;classic&quot;}\">\n\t\t\t<div class=\"elementor-widget-wrap elementor-element-populated\">\n\t\t\t\t\t\t<section class=\"elementor-section elementor-inner-section elementor-element elementor-element-42623b81 elementor-section-content-bottom elementor-section-boxed elementor-section-height-default elementor-section-height-default\" data-id=\"42623b81\" data-element_type=\"section\" data-e-type=\"section\" data-settings=\"{&quot;background_background&quot;:&quot;classic&quot;}\">\n\t\t\t\t\t\t<div class=\"elementor-container elementor-column-gap-no\">\n\t\t\t\t\t<div class=\"elementor-column elementor-col-33 elementor-inner-column elementor-element elementor-element-6c612908 elementor-hidden-tablet elementor-hidden-phone\" data-id=\"6c612908\" data-element_type=\"column\" data-e-type=\"column\">\n\t\t\t<div class=\"elementor-widget-wrap\">\n\t\t\t\t\t\t\t<\/div>\n\t\t<\/div>\n\t\t\t\t<div class=\"elementor-column elementor-col-33 elementor-inner-column elementor-element elementor-element-772a5d8e\" data-id=\"772a5d8e\" data-element_type=\"column\" data-e-type=\"column\">\n\t\t\t<div class=\"elementor-widget-wrap elementor-element-populated\">\n\t\t\t\t\t<div class=\"elementor-background-overlay\"><\/div>\n\t\t\t\t\t\t<div class=\"elementor-element elementor-element-6a7845e0 elementor-widget elementor-widget-heading\" data-id=\"6a7845e0\" data-element_type=\"widget\" data-e-type=\"widget\" data-widget_type=\"heading.default\">\n\t\t\t\t<div class=\"elementor-widget-container\">\n\t\t\t\t\t<h1 class=\"elementor-heading-title elementor-size-default\">Trabalhe Conosco<\/h1>\t\t\t\t<\/div>\n\t\t\t\t<\/div>\n\t\t\t\t\t<\/div>\n\t\t<\/div>\n\t\t\t\t<div class=\"elementor-column elementor-col-33 elementor-inner-column elementor-element elementor-element-6cee8747 elementor-hidden-tablet elementor-hidden-phone\" data-id=\"6cee8747\" data-element_type=\"column\" data-e-type=\"column\">\n\t\t\t<div class=\"elementor-widget-wrap\">\n\t\t\t\t\t\t\t<\/div>\n\t\t<\/div>\n\t\t\t\t\t<\/div>\n\t\t<\/section>\n\t\t\t\t\t<\/div>\n\t\t<\/div>\n\t\t\t\t\t<\/div>\n\t\t<\/section>\n\t\t\t\t<section class=\"elementor-section elementor-top-section elementor-element elementor-element-465382c4 elementor-section-boxed elementor-section-height-default elementor-section-height-default\" data-id=\"465382c4\" data-element_type=\"section\" data-e-type=\"section\">\n\t\t\t\t\t\t<div class=\"elementor-container elementor-column-gap-no\">\n\t\t\t\t\t<div class=\"elementor-column elementor-col-100 elementor-top-column elementor-element elementor-element-4036f761\" data-id=\"4036f761\" data-element_type=\"column\" data-e-type=\"column\">\n\t\t\t<div class=\"elementor-widget-wrap elementor-element-populated\">\n\t\t\t\t\t\t<section class=\"elementor-section elementor-inner-section elementor-element elementor-element-7293c54f elementor-section-content-middle elementor-section-boxed elementor-section-height-default elementor-section-height-default\" data-id=\"7293c54f\" data-element_type=\"section\" data-e-type=\"section\">\n\t\t\t\t\t\t<div class=\"elementor-container elementor-column-gap-no\">\n\t\t\t\t\t<div class=\"elementor-column elementor-col-50 elementor-inner-column elementor-element elementor-element-1a73ef37\" data-id=\"1a73ef37\" data-element_type=\"column\" data-e-type=\"column\" data-settings=\"{&quot;background_background&quot;:&quot;classic&quot;}\">\n\t\t\t<div class=\"elementor-widget-wrap elementor-element-populated\">\n\t\t\t\t\t\t<div class=\"elementor-element elementor-element-7e8fbce elementor-widget elementor-widget-image\" data-id=\"7e8fbce\" data-element_type=\"widget\" data-e-type=\"widget\" data-widget_type=\"image.default\">\n\t\t\t\t<div class=\"elementor-widget-container\">\n\t\t\t\t\t\t\t\t\t\t\t\t\t\t\t<img fetchpriority=\"high\" decoding=\"async\" data-attachment-id=\"2947\" data-permalink=\"https:\/\/www.geomec.com.br\/site\/home\/foto-1-3\/\" data-orig-file=\"https:\/\/www.geomec.com.br\/site\/wp-content\/uploads\/2023\/08\/Foto-1-1-scaled.jpg\" data-orig-size=\"2560,1920\" data-comments-opened=\"1\" data-image-meta=\"{&quot;aperture&quot;:&quot;1.5&quot;,&quot;credit&quot;:&quot;&quot;,&quot;camera&quot;:&quot;iPhone 14&quot;,&quot;caption&quot;:&quot;&quot;,&quot;created_timestamp&quot;:&quot;1692292995&quot;,&quot;copyright&quot;:&quot;&quot;,&quot;focal_length&quot;:&quot;5.7&quot;,&quot;iso&quot;:&quot;64&quot;,&quot;shutter_speed&quot;:&quot;0.0083333333333333&quot;,&quot;title&quot;:&quot;&quot;,&quot;orientation&quot;:&quot;1&quot;}\" data-image-title=\"Foto 1\" data-image-description=\"\" data-image-caption=\"\" data-medium-file=\"https:\/\/www.geomec.com.br\/site\/wp-content\/uploads\/2023\/08\/Foto-1-1-300x225.jpg\" data-large-file=\"https:\/\/www.geomec.com.br\/site\/wp-content\/uploads\/2023\/08\/Foto-1-1-1024x768.jpg\" width=\"800\" height=\"600\" src=\"https:\/\/www.geomec.com.br\/site\/wp-content\/uploads\/2023\/08\/Foto-1-1-1024x768.jpg\" class=\"attachment-large size-large wp-image-2947\" alt=\"\" srcset=\"https:\/\/www.geomec.com.br\/site\/wp-content\/uploads\/2023\/08\/Foto-1-1-1024x768.jpg 1024w, https:\/\/www.geomec.com.br\/site\/wp-content\/uploads\/2023\/08\/Foto-1-1-300x225.jpg 300w, https:\/\/www.geomec.com.br\/site\/wp-content\/uploads\/2023\/08\/Foto-1-1-768x576.jpg 768w, https:\/\/www.geomec.com.br\/site\/wp-content\/uploads\/2023\/08\/Foto-1-1-1536x1152.jpg 1536w, https:\/\/www.geomec.com.br\/site\/wp-content\/uploads\/2023\/08\/Foto-1-1-2048x1536.jpg 2048w\" sizes=\"(max-width: 800px) 100vw, 800px\" data-attachment-id=\"2947\" data-permalink=\"https:\/\/www.geomec.com.br\/site\/home\/foto-1-3\/\" data-orig-file=\"https:\/\/www.geomec.com.br\/site\/wp-content\/uploads\/2023\/08\/Foto-1-1-scaled.jpg\" data-orig-size=\"2560,1920\" data-comments-opened=\"1\" data-image-meta=\"{&quot;aperture&quot;:&quot;1.5&quot;,&quot;credit&quot;:&quot;&quot;,&quot;camera&quot;:&quot;iPhone 14&quot;,&quot;caption&quot;:&quot;&quot;,&quot;created_timestamp&quot;:&quot;1692292995&quot;,&quot;copyright&quot;:&quot;&quot;,&quot;focal_length&quot;:&quot;5.7&quot;,&quot;iso&quot;:&quot;64&quot;,&quot;shutter_speed&quot;:&quot;0.0083333333333333&quot;,&quot;title&quot;:&quot;&quot;,&quot;orientation&quot;:&quot;1&quot;}\" data-image-title=\"Foto 1\" data-image-description=\"\" data-image-caption=\"\" data-medium-file=\"https:\/\/www.geomec.com.br\/site\/wp-content\/uploads\/2023\/08\/Foto-1-1-300x225.jpg\" data-large-file=\"https:\/\/www.geomec.com.br\/site\/wp-content\/uploads\/2023\/08\/Foto-1-1-1024x768.jpg\" \/>\t\t\t\t\t\t\t\t\t\t\t\t\t\t\t<\/div>\n\t\t\t\t<\/div>\n\t\t\t\t\t<\/div>\n\t\t<\/div>\n\t\t\t\t<div class=\"elementor-column elementor-col-50 elementor-inner-column elementor-element elementor-element-50ec69bf\" data-id=\"50ec69bf\" data-element_type=\"column\" data-e-type=\"column\" data-settings=\"{&quot;background_background&quot;:&quot;classic&quot;}\">\n\t\t\t<div class=\"elementor-widget-wrap elementor-element-populated\">\n\t\t\t\t\t\t<div class=\"elementor-element elementor-element-3a9d863d elementor-widget elementor-widget-text-editor\" data-id=\"3a9d863d\" data-element_type=\"widget\" data-e-type=\"widget\" data-widget_type=\"text-editor.default\">\n\t\t\t\t<div class=\"elementor-widget-container\">\n\t\t\t\t\t\t\t\t\t<p>Esta \u00e1rea \u00e9 destinada ao cadastro de curr\u00edculos de profissionais que tenham interesse em trabalhar na Geomec. Uma vez inseridas as informa\u00e7\u00f5es, seu curr\u00edculo ficar\u00e1 em nosso banco de dados e estar\u00e1 dispon\u00edvel para consultas internas.<\/p><p>\u00c9 importante que voc\u00ea mantenha seus dados sempre atualizados para que possamos fazer uma an\u00e1lise compat\u00edvel ao seu perfil atual.<br \/><strong>As principais oportunidades s\u00e3o:<\/strong><\/p><ul><li>Programa Assistente Aluno, que recebe inscri\u00e7\u00f5es de universit\u00e1rios;<\/li><li>Trainee, profissionais formados h\u00e1 at\u00e9 dois anos;<\/li><li>Programa Jovem T\u00e9cnico, cujo processo seletivo \u00e9 direcionado a jovens com forma\u00e7\u00e3o t\u00e9cnica.<\/li><\/ul>\t\t\t\t\t\t\t\t<\/div>\n\t\t\t\t<\/div>\n\t\t\t\t<div class=\"elementor-element elementor-element-a791da5 elementor-widget elementor-widget-toggle\" data-id=\"a791da5\" data-element_type=\"widget\" data-e-type=\"widget\" data-widget_type=\"toggle.default\">\n\t\t\t\t<div class=\"elementor-widget-container\">\n\t\t\t\t\t\t\t<div class=\"elementor-toggle\">\n\t\t\t\t\t\t\t<div class=\"elementor-toggle-item\">\n\t\t\t\t\t<h6 id=\"elementor-tab-title-1751\" class=\"elementor-tab-title\" data-tab=\"1\" role=\"button\" aria-controls=\"elementor-tab-content-1751\" aria-expanded=\"false\">\n\t\t\t\t\t\t\t\t\t\t\t\t<span class=\"elementor-toggle-icon elementor-toggle-icon-left\" aria-hidden=\"true\">\n\t\t\t\t\t\t\t\t\t\t\t\t\t\t\t<span class=\"elementor-toggle-icon-closed\"><i class=\"fas fa-caret-right\"><\/i><\/span>\n\t\t\t\t\t\t\t\t<span class=\"elementor-toggle-icon-opened\"><i class=\"elementor-toggle-icon-opened fas fa-caret-up\"><\/i><\/span>\n\t\t\t\t\t\t\t\t\t\t\t\t\t<\/span>\n\t\t\t\t\t\t\t\t\t\t\t\t<a class=\"elementor-toggle-title\" tabindex=\"0\">Por que trabalhar na Geomec?<\/a>\n\t\t\t\t\t<\/h6>\n\n\t\t\t\t\t<div id=\"elementor-tab-content-1751\" class=\"elementor-tab-content elementor-clearfix\" data-tab=\"1\" role=\"region\" aria-labelledby=\"elementor-tab-title-1751\"><p>A Geomec \u00e9 uma empresa de projetos, consultoria e instrumenta\u00e7\u00e3o em engenharia geot\u00e9cnica e de funda\u00e7\u00f5es. Com atua\u00e7\u00e3o no Brasil, Am\u00e9rica do Sul, Portugal e \u00c1frica. Tamb\u00e9m possui parcerias com empresas dos Estados Unidos;<\/p><p>A empresa est\u00e1 consolidada no mercado desde 1985. Com mais de 7 mil obras j\u00e1 executadas;<\/p><p>Muitos dos nossos funcion\u00e1rios iniciaram a carreira como estagi\u00e1rios e hoje est\u00e3o contratados e em cargos de lideran\u00e7a.<\/p><\/div>\n\t\t\t\t<\/div>\n\t\t\t\t\t\t\t\t<\/div>\n\t\t\t\t\t\t<\/div>\n\t\t\t\t<\/div>\n\t\t\t\t\t<\/div>\n\t\t<\/div>\n\t\t\t\t\t<\/div>\n\t\t<\/section>\n\t\t\t\t<div class=\"elementor-element elementor-element-45cb587 elementor-widget elementor-widget-text-editor\" data-id=\"45cb587\" data-element_type=\"widget\" data-e-type=\"widget\" data-widget_type=\"text-editor.default\">\n\t\t\t\t<div class=\"elementor-widget-container\">\n\t\t\t\t\t\t\t\t\t<p>Preencha todos os campos abaixo, um arquivo com seu curr\u00edculo e envie. Voc\u00ea pode enviar o curr\u00edculo profissional e o escolar.<\/p>\t\t\t\t\t\t\t\t<\/div>\n\t\t\t\t<\/div>\n\t\t\t\t<div class=\"elementor-element elementor-element-757f099 elementor-button-align-stretch elementor-widget elementor-widget-form\" data-id=\"757f099\" data-element_type=\"widget\" data-e-type=\"widget\" data-settings=\"{&quot;step_next_label&quot;:&quot;Next&quot;,&quot;step_previous_label&quot;:&quot;Previous&quot;,&quot;button_width&quot;:&quot;100&quot;,&quot;step_type&quot;:&quot;number_text&quot;,&quot;step_icon_shape&quot;:&quot;circle&quot;}\" data-widget_type=\"form.default\">\n\t\t\t\t<div class=\"elementor-widget-container\">\n\t\t\t\t\t\t\t<form class=\"elementor-form\" method=\"post\" name=\"New Form\" aria-label=\"New Form\">\n\t\t\t<input type=\"hidden\" name=\"post_id\" value=\"393\"\/>\n\t\t\t<input type=\"hidden\" name=\"form_id\" value=\"757f099\"\/>\n\t\t\t<input type=\"hidden\" name=\"referer_title\" value=\"Trabalhe Conosco - Geomec\" \/>\n\n\t\t\t\t\t\t\t<input type=\"hidden\" name=\"queried_id\" value=\"393\"\/>\n\t\t\t\n\t\t\t<div class=\"elementor-form-fields-wrapper elementor-labels-above\">\n\t\t\t\t\t\t\t\t<div class=\"elementor-field-type-text elementor-field-group elementor-column elementor-field-group-name elementor-col-100\">\n\t\t\t\t\t\t\t\t\t\t\t\t<label for=\"form-field-name\" class=\"elementor-field-label\">\n\t\t\t\t\t\t\t\tName\t\t\t\t\t\t\t<\/label>\n\t\t\t\t\t\t\t\t\t\t\t\t\t\t<input size=\"1\" type=\"text\" name=\"form_fields[name]\" id=\"form-field-name\" class=\"elementor-field elementor-size-sm  elementor-field-textual\" placeholder=\"Name\">\n\t\t\t\t\t\t\t\t\t\t\t<\/div>\n\t\t\t\t\t\t\t\t<div class=\"elementor-field-type-email elementor-field-group elementor-column elementor-field-group-email elementor-col-100 elementor-field-required\">\n\t\t\t\t\t\t\t\t\t\t\t\t<label for=\"form-field-email\" class=\"elementor-field-label\">\n\t\t\t\t\t\t\t\tEmail\t\t\t\t\t\t\t<\/label>\n\t\t\t\t\t\t\t\t\t\t\t\t\t\t<input size=\"1\" type=\"email\" name=\"form_fields[email]\" id=\"form-field-email\" class=\"elementor-field elementor-size-sm  elementor-field-textual\" placeholder=\"Email\" required=\"required\">\n\t\t\t\t\t\t\t\t\t\t\t<\/div>\n\t\t\t\t\t\t\t\t<div class=\"elementor-field-type-textarea elementor-field-group elementor-column elementor-field-group-message elementor-col-100\">\n\t\t\t\t\t\t\t\t\t\t\t\t<label for=\"form-field-message\" class=\"elementor-field-label\">\n\t\t\t\t\t\t\t\tInforma\u00e7\u00f5es Adicionais:\t\t\t\t\t\t\t<\/label>\n\t\t\t\t\t\t<textarea class=\"elementor-field-textual elementor-field  elementor-size-sm\" name=\"form_fields[message]\" id=\"form-field-message\" rows=\"4\" placeholder=\"Informa\u00e7\u00f5es Adicionais:\"><\/textarea>\t\t\t\t<\/div>\n\t\t\t\t\t\t\t\t<div class=\"elementor-field-type-upload elementor-field-group elementor-column elementor-field-group-field_3631a57 elementor-col-100 elementor-field-required\">\n\t\t\t\t\t\t\t\t\t\t\t\t<label for=\"form-field-field_3631a57\" class=\"elementor-field-label\">\n\t\t\t\t\t\t\t\tEnvie seu curriculo\t\t\t\t\t\t\t<\/label>\n\t\t\t\t\t\t\t\t<input type=\"file\" name=\"form_fields[field_3631a57]\" id=\"form-field-field_3631a57\" class=\"elementor-field elementor-size-sm  elementor-upload-field\" required=\"required\">\n\n\t\t\t\t\t\t<\/div>\n\t\t\t\t\t\t\t\t<div class=\"elementor-field-group elementor-column elementor-field-type-submit elementor-col-100 e-form__buttons\">\n\t\t\t\t\t<button class=\"elementor-button elementor-size-lg\" type=\"submit\">\n\t\t\t\t\t\t<span class=\"elementor-button-content-wrapper\">\n\t\t\t\t\t\t\t\t\t\t\t\t\t\t\t\t\t\t\t\t\t\t<span class=\"elementor-button-text\">Send<\/span>\n\t\t\t\t\t\t\t\t\t\t\t\t\t<\/span>\n\t\t\t\t\t<\/button>\n\t\t\t\t<\/div>\n\t\t\t<\/div>\n\t\t<\/form>\n\t\t\t\t\t\t<\/div>\n\t\t\t\t<\/div>\n\t\t\t\t\t<\/div>\n\t\t<\/div>\n\t\t\t\t\t<\/div>\n\t\t<\/section>\n\t\t\t\t<\/div>\n\t\t","protected":false},"excerpt":{"rendered":"<p>Trabalhe Conosco &lt;img width=&#8221;800&#8243; height=&#8221;600&#8243; src=&#8221;https:\/\/www.geomec.com.br\/site\/wp-content\/uploads\/2023\/08\/Foto-1-1-1024&#215;768.jpg&#8221; alt=&#8221;&#8221; loading=&#8221;lazy&#8221; srcset=&#8221;https:\/\/www.geomec.com.br\/site\/wp-content\/uploads\/2023\/08\/Foto-1-1-1024&#215;768.jpg 1024w, https:\/\/www.geomec.com.br\/site\/wp-content\/uploads\/2023\/08\/Foto-1-1-300&#215;225.jpg 300w, https:\/\/www.geomec.com.br\/site\/wp-content\/uploads\/2023\/08\/Foto-1-1-768&#215;576.jpg 768w, https:\/\/www.geomec.com.br\/site\/wp-content\/uploads\/2023\/08\/Foto-1-1-1536&#215;1152.jpg 1536w, https:\/\/www.geomec.com.br\/site\/wp-content\/uploads\/2023\/08\/Foto-1-1-2048&#215;1536.jpg 2048w&#8221; sizes=&#8221;(max-width: 800px) 100vw, 800px&#8221; \/&gt; Esta \u00e1rea \u00e9 destinada ao cadastro de curr\u00edculos de profissionais que tenham interesse em trabalhar na Geomec. Uma vez inseridas as informa\u00e7\u00f5es, seu curr\u00edculo ficar\u00e1 em nosso banco de dados e estar\u00e1 [&hellip;]<\/p>\n","protected":false},"author":1,"featured_media":0,"parent":0,"menu_order":0,"comment_status":"closed","ping_status":"closed","template":"","meta":{"jetpack_post_was_ever_published":false,"footnotes":""},"class_list":["post-393","page","type-page","status-publish","hentry"],"yoast_head":"<!-- This site is optimized with the Yoast SEO plugin v27.2 - https:\/\/yoast.com\/product\/yoast-seo-wordpress\/ -->\n<title>Trabalhe Conosco - Geomec<\/title>\n<meta name=\"robots\" content=\"index, follow, max-snippet:-1, max-image-preview:large, max-video-preview:-1\" \/>\n<link rel=\"canonical\" href=\"https:\/\/www.geomec.com.br\/site\/trabalhe-conosco\/\" \/>\n<meta property=\"og:locale\" content=\"pt_BR\" \/>\n<meta property=\"og:type\" content=\"article\" \/>\n<meta property=\"og:title\" content=\"Trabalhe Conosco - Geomec\" \/>\n<meta property=\"og:description\" content=\"Trabalhe Conosco &lt;img width=&quot;800&quot; height=&quot;600&quot; src=&quot;https:\/\/www.geomec.com.br\/site\/wp-content\/uploads\/2023\/08\/Foto-1-1-1024x768.jpg&quot; alt=&quot;&quot; loading=&quot;lazy&quot; srcset=&quot;https:\/\/www.geomec.com.br\/site\/wp-content\/uploads\/2023\/08\/Foto-1-1-1024x768.jpg 1024w, https:\/\/www.geomec.com.br\/site\/wp-content\/uploads\/2023\/08\/Foto-1-1-300x225.jpg 300w, https:\/\/www.geomec.com.br\/site\/wp-content\/uploads\/2023\/08\/Foto-1-1-768x576.jpg 768w, https:\/\/www.geomec.com.br\/site\/wp-content\/uploads\/2023\/08\/Foto-1-1-1536x1152.jpg 1536w, https:\/\/www.geomec.com.br\/site\/wp-content\/uploads\/2023\/08\/Foto-1-1-2048x1536.jpg 2048w&quot; sizes=&quot;(max-width: 800px) 100vw, 800px&quot; \/&gt; Esta \u00e1rea \u00e9 destinada ao cadastro de curr\u00edculos de profissionais que tenham interesse em trabalhar na Geomec. Uma vez inseridas as informa\u00e7\u00f5es, seu curr\u00edculo ficar\u00e1 em nosso banco de dados e estar\u00e1 [&hellip;]\" \/>\n<meta property=\"og:url\" content=\"https:\/\/www.geomec.com.br\/site\/trabalhe-conosco\/\" \/>\n<meta property=\"og:site_name\" content=\"Geomec\" \/>\n<meta property=\"article:modified_time\" content=\"2023-08-31T20:11:04+00:00\" \/>\n<meta name=\"twitter:card\" content=\"summary_large_image\" \/>\n<meta name=\"twitter:label1\" content=\"Est. tempo de leitura\" \/>\n\t<meta name=\"twitter:data1\" content=\"2 minutos\" \/>\n<script type=\"application\/ld+json\" class=\"yoast-schema-graph\">{\"@context\":\"https:\/\/schema.org\",\"@graph\":[{\"@type\":\"WebPage\",\"@id\":\"https:\/\/www.geomec.com.br\/site\/trabalhe-conosco\/\",\"url\":\"https:\/\/www.geomec.com.br\/site\/trabalhe-conosco\/\",\"name\":\"Trabalhe Conosco - Geomec\",\"isPartOf\":{\"@id\":\"https:\/\/www.geomec.com.br\/site\/#website\"},\"datePublished\":\"2013-01-20T21:22:45+00:00\",\"dateModified\":\"2023-08-31T20:11:04+00:00\",\"breadcrumb\":{\"@id\":\"https:\/\/www.geomec.com.br\/site\/trabalhe-conosco\/#breadcrumb\"},\"inLanguage\":\"pt-BR\",\"potentialAction\":[{\"@type\":\"ReadAction\",\"target\":[\"https:\/\/www.geomec.com.br\/site\/trabalhe-conosco\/\"]}]},{\"@type\":\"BreadcrumbList\",\"@id\":\"https:\/\/www.geomec.com.br\/site\/trabalhe-conosco\/#breadcrumb\",\"itemListElement\":[{\"@type\":\"ListItem\",\"position\":1,\"name\":\"In\u00edcio\",\"item\":\"https:\/\/www.geomec.com.br\/site\/\"},{\"@type\":\"ListItem\",\"position\":2,\"name\":\"Trabalhe Conosco\"}]},{\"@type\":\"WebSite\",\"@id\":\"https:\/\/www.geomec.com.br\/site\/#website\",\"url\":\"https:\/\/www.geomec.com.br\/site\/\",\"name\":\"Geomec\",\"description\":\"Engenharia Geot\u00e9cnica e de Funda\u00e7\u00f5es\",\"publisher\":{\"@id\":\"https:\/\/www.geomec.com.br\/site\/#organization\"},\"potentialAction\":[{\"@type\":\"SearchAction\",\"target\":{\"@type\":\"EntryPoint\",\"urlTemplate\":\"https:\/\/www.geomec.com.br\/site\/?s={search_term_string}\"},\"query-input\":{\"@type\":\"PropertyValueSpecification\",\"valueRequired\":true,\"valueName\":\"search_term_string\"}}],\"inLanguage\":\"pt-BR\"},{\"@type\":\"Organization\",\"@id\":\"https:\/\/www.geomec.com.br\/site\/#organization\",\"name\":\"Geomec\",\"url\":\"https:\/\/www.geomec.com.br\/site\/\",\"logo\":{\"@type\":\"ImageObject\",\"inLanguage\":\"pt-BR\",\"@id\":\"https:\/\/www.geomec.com.br\/site\/#\/schema\/logo\/image\/\",\"url\":\"https:\/\/www.geomec.com.br\/site\/wp-content\/uploads\/2023\/08\/logo.png\",\"contentUrl\":\"https:\/\/www.geomec.com.br\/site\/wp-content\/uploads\/2023\/08\/logo.png\",\"width\":399,\"height\":74,\"caption\":\"Geomec\"},\"image\":{\"@id\":\"https:\/\/www.geomec.com.br\/site\/#\/schema\/logo\/image\/\"}}]}<\/script>\n<!-- \/ Yoast SEO plugin. -->","yoast_head_json":{"title":"Trabalhe Conosco - Geomec","robots":{"index":"index","follow":"follow","max-snippet":"max-snippet:-1","max-image-preview":"max-image-preview:large","max-video-preview":"max-video-preview:-1"},"canonical":"https:\/\/www.geomec.com.br\/site\/trabalhe-conosco\/","og_locale":"pt_BR","og_type":"article","og_title":"Trabalhe Conosco - Geomec","og_description":"Trabalhe Conosco &lt;img width=\"800\" height=\"600\" src=\"https:\/\/www.geomec.com.br\/site\/wp-content\/uploads\/2023\/08\/Foto-1-1-1024x768.jpg\" alt=\"\" loading=\"lazy\" srcset=\"https:\/\/www.geomec.com.br\/site\/wp-content\/uploads\/2023\/08\/Foto-1-1-1024x768.jpg 1024w, https:\/\/www.geomec.com.br\/site\/wp-content\/uploads\/2023\/08\/Foto-1-1-300x225.jpg 300w, https:\/\/www.geomec.com.br\/site\/wp-content\/uploads\/2023\/08\/Foto-1-1-768x576.jpg 768w, https:\/\/www.geomec.com.br\/site\/wp-content\/uploads\/2023\/08\/Foto-1-1-1536x1152.jpg 1536w, https:\/\/www.geomec.com.br\/site\/wp-content\/uploads\/2023\/08\/Foto-1-1-2048x1536.jpg 2048w\" sizes=\"(max-width: 800px) 100vw, 800px\" \/&gt; Esta \u00e1rea \u00e9 destinada ao cadastro de curr\u00edculos de profissionais que tenham interesse em trabalhar na Geomec. Uma vez inseridas as informa\u00e7\u00f5es, seu curr\u00edculo ficar\u00e1 em nosso banco de dados e estar\u00e1 [&hellip;]","og_url":"https:\/\/www.geomec.com.br\/site\/trabalhe-conosco\/","og_site_name":"Geomec","article_modified_time":"2023-08-31T20:11:04+00:00","twitter_card":"summary_large_image","twitter_misc":{"Est. tempo de leitura":"2 minutos"},"schema":{"@context":"https:\/\/schema.org","@graph":[{"@type":"WebPage","@id":"https:\/\/www.geomec.com.br\/site\/trabalhe-conosco\/","url":"https:\/\/www.geomec.com.br\/site\/trabalhe-conosco\/","name":"Trabalhe Conosco - Geomec","isPartOf":{"@id":"https:\/\/www.geomec.com.br\/site\/#website"},"datePublished":"2013-01-20T21:22:45+00:00","dateModified":"2023-08-31T20:11:04+00:00","breadcrumb":{"@id":"https:\/\/www.geomec.com.br\/site\/trabalhe-conosco\/#breadcrumb"},"inLanguage":"pt-BR","potentialAction":[{"@type":"ReadAction","target":["https:\/\/www.geomec.com.br\/site\/trabalhe-conosco\/"]}]},{"@type":"BreadcrumbList","@id":"https:\/\/www.geomec.com.br\/site\/trabalhe-conosco\/#breadcrumb","itemListElement":[{"@type":"ListItem","position":1,"name":"In\u00edcio","item":"https:\/\/www.geomec.com.br\/site\/"},{"@type":"ListItem","position":2,"name":"Trabalhe Conosco"}]},{"@type":"WebSite","@id":"https:\/\/www.geomec.com.br\/site\/#website","url":"https:\/\/www.geomec.com.br\/site\/","name":"Geomec","description":"Engenharia Geot\u00e9cnica e de Funda\u00e7\u00f5es","publisher":{"@id":"https:\/\/www.geomec.com.br\/site\/#organization"},"potentialAction":[{"@type":"SearchAction","target":{"@type":"EntryPoint","urlTemplate":"https:\/\/www.geomec.com.br\/site\/?s={search_term_string}"},"query-input":{"@type":"PropertyValueSpecification","valueRequired":true,"valueName":"search_term_string"}}],"inLanguage":"pt-BR"},{"@type":"Organization","@id":"https:\/\/www.geomec.com.br\/site\/#organization","name":"Geomec","url":"https:\/\/www.geomec.com.br\/site\/","logo":{"@type":"ImageObject","inLanguage":"pt-BR","@id":"https:\/\/www.geomec.com.br\/site\/#\/schema\/logo\/image\/","url":"https:\/\/www.geomec.com.br\/site\/wp-content\/uploads\/2023\/08\/logo.png","contentUrl":"https:\/\/www.geomec.com.br\/site\/wp-content\/uploads\/2023\/08\/logo.png","width":399,"height":74,"caption":"Geomec"},"image":{"@id":"https:\/\/www.geomec.com.br\/site\/#\/schema\/logo\/image\/"}}]}},"jetpack_sharing_enabled":true,"jetpack_shortlink":"https:\/\/wp.me\/Pf2a7j-6l","_links":{"self":[{"href":"https:\/\/www.geomec.com.br\/site\/wp-json\/wp\/v2\/pages\/393","targetHints":{"allow":["GET"]}}],"collection":[{"href":"https:\/\/www.geomec.com.br\/site\/wp-json\/wp\/v2\/pages"}],"about":[{"href":"https:\/\/www.geomec.com.br\/site\/wp-json\/wp\/v2\/types\/page"}],"author":[{"embeddable":true,"href":"https:\/\/www.geomec.com.br\/site\/wp-json\/wp\/v2\/users\/1"}],"replies":[{"embeddable":true,"href":"https:\/\/www.geomec.com.br\/site\/wp-json\/wp\/v2\/comments?post=393"}],"version-history":[{"count":45,"href":"https:\/\/www.geomec.com.br\/site\/wp-json\/wp\/v2\/pages\/393\/revisions"}],"predecessor-version":[{"id":3451,"href":"https:\/\/www.geomec.com.br\/site\/wp-json\/wp\/v2\/pages\/393\/revisions\/3451"}],"wp:attachment":[{"href":"https:\/\/www.geomec.com.br\/site\/wp-json\/wp\/v2\/media?parent=393"}],"curies":[{"name":"wp","href":"https:\/\/api.w.org\/{rel}","templated":true}]}}