{"id":363,"date":"2012-11-05T11:29:52","date_gmt":"2012-11-05T13:29:52","guid":{"rendered":"http:\/\/www.geomec.com.br\/?page_id=363"},"modified":"2023-09-23T18:21:13","modified_gmt":"2023-09-23T21:21:13","slug":"padronizacao-ensaios-p-i-t","status":"publish","type":"page","link":"https:\/\/www.geomec.com.br\/site\/servicos\/ensaios-de-integridade-fisica\/padronizacao-ensaios-p-i-t\/","title":{"rendered":"Padroniza\u00e7\u00e3o Ensaios P.I.T"},"content":{"rendered":"\t\t<div data-elementor-type=\"wp-page\" data-elementor-id=\"363\" class=\"elementor elementor-363\" data-elementor-post-type=\"page\">\n\t\t\t\t\t\t<section class=\"elementor-section elementor-top-section elementor-element elementor-element-5f8f424b elementor-section-height-min-height elementor-section-items-bottom elementor-section-boxed elementor-section-height-default\" data-id=\"5f8f424b\" data-element_type=\"section\" data-e-type=\"section\" data-settings=\"{&quot;background_background&quot;:&quot;classic&quot;,&quot;background_motion_fx_motion_fx_scrolling&quot;:&quot;yes&quot;,&quot;background_motion_fx_translateY_effect&quot;:&quot;yes&quot;,&quot;background_motion_fx_translateY_direction&quot;:&quot;negative&quot;,&quot;background_motion_fx_translateY_speed&quot;:{&quot;unit&quot;:&quot;px&quot;,&quot;size&quot;:3,&quot;sizes&quot;:[]},&quot;background_motion_fx_translateY_affectedRange&quot;:{&quot;unit&quot;:&quot;%&quot;,&quot;size&quot;:&quot;&quot;,&quot;sizes&quot;:{&quot;start&quot;:0,&quot;end&quot;:100}},&quot;background_motion_fx_devices&quot;:[&quot;desktop&quot;,&quot;tablet&quot;,&quot;mobile&quot;]}\">\n\t\t\t\t\t\t\t<div class=\"elementor-background-overlay\"><\/div>\n\t\t\t\t\t\t\t<div class=\"elementor-container elementor-column-gap-no\">\n\t\t\t\t\t<div class=\"elementor-column elementor-col-100 elementor-top-column elementor-element elementor-element-32173d8f\" data-id=\"32173d8f\" data-element_type=\"column\" data-e-type=\"column\" data-settings=\"{&quot;background_background&quot;:&quot;classic&quot;}\">\n\t\t\t<div class=\"elementor-widget-wrap elementor-element-populated\">\n\t\t\t\t\t\t<section class=\"elementor-section elementor-inner-section elementor-element elementor-element-1b71c24d elementor-section-content-bottom elementor-section-boxed elementor-section-height-default elementor-section-height-default\" data-id=\"1b71c24d\" data-element_type=\"section\" data-e-type=\"section\" data-settings=\"{&quot;background_background&quot;:&quot;classic&quot;}\">\n\t\t\t\t\t\t<div class=\"elementor-container elementor-column-gap-no\">\n\t\t\t\t\t<div class=\"elementor-column elementor-col-33 elementor-inner-column elementor-element elementor-element-6488efaf elementor-hidden-tablet elementor-hidden-phone\" data-id=\"6488efaf\" data-element_type=\"column\" data-e-type=\"column\">\n\t\t\t<div class=\"elementor-widget-wrap\">\n\t\t\t\t\t\t\t<\/div>\n\t\t<\/div>\n\t\t\t\t<div class=\"elementor-column elementor-col-33 elementor-inner-column elementor-element elementor-element-65ab6953\" data-id=\"65ab6953\" data-element_type=\"column\" data-e-type=\"column\">\n\t\t\t<div class=\"elementor-widget-wrap elementor-element-populated\">\n\t\t\t\t\t<div class=\"elementor-background-overlay\"><\/div>\n\t\t\t\t\t\t<div class=\"elementor-element elementor-element-45cd0fef elementor-widget elementor-widget-heading\" data-id=\"45cd0fef\" data-element_type=\"widget\" data-e-type=\"widget\" data-widget_type=\"heading.default\">\n\t\t\t\t<div class=\"elementor-widget-container\">\n\t\t\t\t\t<h1 class=\"elementor-heading-title elementor-size-default\">Ensaio de Integridade F\u00edsica\nP.I.T. (Pile Integrity Testing)<\/h1>\t\t\t\t<\/div>\n\t\t\t\t<\/div>\n\t\t\t\t<div class=\"elementor-element elementor-element-7bf5494 elementor-widget elementor-widget-text-editor\" data-id=\"7bf5494\" data-element_type=\"widget\" data-e-type=\"widget\" data-widget_type=\"text-editor.default\">\n\t\t\t\t<div class=\"elementor-widget-container\">\n\t\t\t\t\t\t\t\t\t<p><a href=\"https:\/\/www.geomec.com.br\/site\/servicos\/ensaios-de-integridade-fisica\/\">Ensaios de Integridade F\u00edsica<\/a><\/p>\t\t\t\t\t\t\t\t<\/div>\n\t\t\t\t<\/div>\n\t\t\t\t\t<\/div>\n\t\t<\/div>\n\t\t\t\t<div class=\"elementor-column elementor-col-33 elementor-inner-column elementor-element elementor-element-1082f932 elementor-hidden-tablet elementor-hidden-phone\" data-id=\"1082f932\" data-element_type=\"column\" data-e-type=\"column\">\n\t\t\t<div class=\"elementor-widget-wrap\">\n\t\t\t\t\t\t\t<\/div>\n\t\t<\/div>\n\t\t\t\t\t<\/div>\n\t\t<\/section>\n\t\t\t\t\t<\/div>\n\t\t<\/div>\n\t\t\t\t\t<\/div>\n\t\t<\/section>\n\t\t\t\t<section class=\"elementor-section elementor-top-section elementor-element elementor-element-54847cde elementor-section-boxed elementor-section-height-default elementor-section-height-default\" data-id=\"54847cde\" data-element_type=\"section\" data-e-type=\"section\">\n\t\t\t\t\t\t<div class=\"elementor-container elementor-column-gap-no\">\n\t\t\t\t\t<div class=\"elementor-column elementor-col-100 elementor-top-column elementor-element elementor-element-3ca075df\" data-id=\"3ca075df\" data-element_type=\"column\" data-e-type=\"column\">\n\t\t\t<div class=\"elementor-widget-wrap elementor-element-populated\">\n\t\t\t\t\t\t<div class=\"elementor-element elementor-element-149049d elementor-widget elementor-widget-text-editor\" data-id=\"149049d\" data-element_type=\"widget\" data-e-type=\"widget\" data-widget_type=\"text-editor.default\">\n\t\t\t\t<div class=\"elementor-widget-container\">\n\t\t\t\t\t\t\t\t\t<p>N\u00e3o h\u00e1 normatiza\u00e7\u00e3o brasileira para realiza\u00e7\u00e3o de ensaios PIT, portanto, para padroniza\u00e7\u00e3o e Normaliza\u00e7\u00e3o de Ensaios P.I.T., sugere-se que sejam consultados os seguintes c\u00f3digos, conforme a tabela abaixo:<\/p><table cellspacing=\"0\" cellpadding=\"5\"><tbody><tr><th>Metodo<\/th><th>Pa\u00eds<\/th><th>Refer\u00eancia<\/th><th>Nome<\/th><\/tr><tr><td>LST,CSL<\/td><td>Australia<\/td><td>Australian Standar AS 2159- 1995<\/td><td>Piling \u2013 Design and Installation<\/td><\/tr><tr><td>LST,CSL<\/td><td>China<\/td><td>JGJ 94-94<\/td><td>Technical Code for Building Pile Foundation Chapter 9: Inspection and Acceptance of Pile Foundantion Engineering 9.1: Quality Inspection of Pile Installation<\/td><\/tr><tr><td>LST,CSL<\/td><td>China<\/td><td>JGJ-T 93-95<\/td><td>Specification for Low Strain Dynamic Testing of Piles<\/td><\/tr><tr><td>LST<\/td><td>France<\/td><td>Norme Fran\u00e7aise NFP 94-160-2<br \/>NFP 94-160 -4<\/td><td>Soil: investigation and testing Auscultation of buried work Method by reflection\/impedance<\/td><\/tr><tr><td>CSL<\/td><td>France<\/td><td>Norme Fran\u00e7aiseNFP 94-160-1<\/td><td>Soil: Sonic core test<\/td><\/tr><tr><td>LST,HST<\/td><td>Germany<\/td><td>DGGT<\/td><td>Empfehlung Integrit\u00e4tspr\u00fc-fungen<\/td><\/tr><tr><td>LST,CSL<\/td><td>UK<\/td><td>Institution of Civil Engineers (ICE)<\/td><td>Specification of Pilling<\/td><\/tr><tr><td>LST<\/td><td>USA<\/td><td>ASTM D 5882<\/td><td>Standard test method for low strain integrity testing of piles<\/td><\/tr><\/tbody><\/table><p>Tabela: Major Standards or Codes for Pile Integrity<\/p><p>Nota: LST \u2192 Low Strain Dynamic Pile Integrity Testing<br \/>CST \u2192 Cross Hole Sonic Logging<\/p>\t\t\t\t\t\t\t\t<\/div>\n\t\t\t\t<\/div>\n\t\t\t\t\t<\/div>\n\t\t<\/div>\n\t\t\t\t\t<\/div>\n\t\t<\/section>\n\t\t\t\t<\/div>\n\t\t","protected":false},"excerpt":{"rendered":"<p>Ensaio de Integridade F\u00edsica P.I.T. (Pile Integrity Testing) &lt;a href=&#8221;https:\/\/www.geomec.com.br\/site\/servicos\/ensaios-de-integridade-fisica\/&#8221;&gt;Ensaios de Integridade F\u00edsica&lt;\/a&gt; N\u00e3o h\u00e1 normatiza\u00e7\u00e3o brasileira para realiza\u00e7\u00e3o de ensaios PIT, portanto, para padroniza\u00e7\u00e3o e Normaliza\u00e7\u00e3o de Ensaios P.I.T., sugere-se que sejam consultados os seguintes c\u00f3digos, conforme a tabela abaixo: Metodo Pa\u00eds Refer\u00eancia Nome LST,CSL Australia Australian Standar AS 2159- 1995 Piling \u2013 Design [&hellip;]<\/p>\n","protected":false},"author":1,"featured_media":0,"parent":726,"menu_order":0,"comment_status":"closed","ping_status":"closed","template":"","meta":{"jetpack_post_was_ever_published":false,"footnotes":""},"class_list":["post-363","page","type-page","status-publish","hentry"],"yoast_head":"<!-- This site is optimized with the Yoast SEO plugin v27.2 - https:\/\/yoast.com\/product\/yoast-seo-wordpress\/ -->\n<title>Padroniza\u00e7\u00e3o Ensaios P.I.T - Geomec<\/title>\n<meta name=\"robots\" content=\"index, follow, max-snippet:-1, max-image-preview:large, max-video-preview:-1\" \/>\n<link rel=\"canonical\" href=\"https:\/\/www.geomec.com.br\/site\/servicos\/ensaios-de-integridade-fisica\/padronizacao-ensaios-p-i-t\/\" \/>\n<meta property=\"og:locale\" content=\"pt_BR\" \/>\n<meta property=\"og:type\" content=\"article\" \/>\n<meta property=\"og:title\" content=\"Padroniza\u00e7\u00e3o Ensaios P.I.T - Geomec\" \/>\n<meta property=\"og:description\" content=\"Ensaio de Integridade F\u00edsica P.I.T. (Pile Integrity Testing) &lt;a href=&quot;https:\/\/www.geomec.com.br\/site\/servicos\/ensaios-de-integridade-fisica\/&quot;&gt;Ensaios de Integridade F\u00edsica&lt;\/a&gt; N\u00e3o h\u00e1 normatiza\u00e7\u00e3o brasileira para realiza\u00e7\u00e3o de ensaios PIT, portanto, para padroniza\u00e7\u00e3o e Normaliza\u00e7\u00e3o de Ensaios P.I.T., sugere-se que sejam consultados os seguintes c\u00f3digos, conforme a tabela abaixo: Metodo Pa\u00eds Refer\u00eancia Nome LST,CSL Australia Australian Standar AS 2159- 1995 Piling \u2013 Design [&hellip;]\" \/>\n<meta property=\"og:url\" content=\"https:\/\/www.geomec.com.br\/site\/servicos\/ensaios-de-integridade-fisica\/padronizacao-ensaios-p-i-t\/\" \/>\n<meta property=\"og:site_name\" content=\"Geomec\" \/>\n<meta property=\"article:modified_time\" content=\"2023-09-23T21:21:13+00:00\" \/>\n<meta name=\"twitter:card\" content=\"summary_large_image\" \/>\n<meta name=\"twitter:label1\" content=\"Est. tempo de leitura\" \/>\n\t<meta name=\"twitter:data1\" content=\"1 minuto\" \/>\n<script type=\"application\/ld+json\" class=\"yoast-schema-graph\">{\"@context\":\"https:\/\/schema.org\",\"@graph\":[{\"@type\":\"WebPage\",\"@id\":\"https:\/\/www.geomec.com.br\/site\/servicos\/ensaios-de-integridade-fisica\/padronizacao-ensaios-p-i-t\/\",\"url\":\"https:\/\/www.geomec.com.br\/site\/servicos\/ensaios-de-integridade-fisica\/padronizacao-ensaios-p-i-t\/\",\"name\":\"Padroniza\u00e7\u00e3o Ensaios P.I.T - Geomec\",\"isPartOf\":{\"@id\":\"https:\/\/www.geomec.com.br\/site\/#website\"},\"datePublished\":\"2012-11-05T13:29:52+00:00\",\"dateModified\":\"2023-09-23T21:21:13+00:00\",\"breadcrumb\":{\"@id\":\"https:\/\/www.geomec.com.br\/site\/servicos\/ensaios-de-integridade-fisica\/padronizacao-ensaios-p-i-t\/#breadcrumb\"},\"inLanguage\":\"pt-BR\",\"potentialAction\":[{\"@type\":\"ReadAction\",\"target\":[\"https:\/\/www.geomec.com.br\/site\/servicos\/ensaios-de-integridade-fisica\/padronizacao-ensaios-p-i-t\/\"]}]},{\"@type\":\"BreadcrumbList\",\"@id\":\"https:\/\/www.geomec.com.br\/site\/servicos\/ensaios-de-integridade-fisica\/padronizacao-ensaios-p-i-t\/#breadcrumb\",\"itemListElement\":[{\"@type\":\"ListItem\",\"position\":1,\"name\":\"In\u00edcio\",\"item\":\"https:\/\/www.geomec.com.br\/site\/\"},{\"@type\":\"ListItem\",\"position\":2,\"name\":\"Servi\u00e7os\",\"item\":\"https:\/\/www.geomec.com.br\/site\/servicos\/\"},{\"@type\":\"ListItem\",\"position\":3,\"name\":\"Ensaios de Integridade F\u00edsica\",\"item\":\"https:\/\/www.geomec.com.br\/site\/servicos\/ensaios-de-integridade-fisica\/\"},{\"@type\":\"ListItem\",\"position\":4,\"name\":\"Padroniza\u00e7\u00e3o Ensaios P.I.T\"}]},{\"@type\":\"WebSite\",\"@id\":\"https:\/\/www.geomec.com.br\/site\/#website\",\"url\":\"https:\/\/www.geomec.com.br\/site\/\",\"name\":\"Geomec\",\"description\":\"Engenharia Geot\u00e9cnica e de Funda\u00e7\u00f5es\",\"publisher\":{\"@id\":\"https:\/\/www.geomec.com.br\/site\/#organization\"},\"potentialAction\":[{\"@type\":\"SearchAction\",\"target\":{\"@type\":\"EntryPoint\",\"urlTemplate\":\"https:\/\/www.geomec.com.br\/site\/?s={search_term_string}\"},\"query-input\":{\"@type\":\"PropertyValueSpecification\",\"valueRequired\":true,\"valueName\":\"search_term_string\"}}],\"inLanguage\":\"pt-BR\"},{\"@type\":\"Organization\",\"@id\":\"https:\/\/www.geomec.com.br\/site\/#organization\",\"name\":\"Geomec\",\"url\":\"https:\/\/www.geomec.com.br\/site\/\",\"logo\":{\"@type\":\"ImageObject\",\"inLanguage\":\"pt-BR\",\"@id\":\"https:\/\/www.geomec.com.br\/site\/#\/schema\/logo\/image\/\",\"url\":\"https:\/\/www.geomec.com.br\/site\/wp-content\/uploads\/2023\/08\/logo.png\",\"contentUrl\":\"https:\/\/www.geomec.com.br\/site\/wp-content\/uploads\/2023\/08\/logo.png\",\"width\":399,\"height\":74,\"caption\":\"Geomec\"},\"image\":{\"@id\":\"https:\/\/www.geomec.com.br\/site\/#\/schema\/logo\/image\/\"}}]}<\/script>\n<!-- \/ Yoast SEO plugin. -->","yoast_head_json":{"title":"Padroniza\u00e7\u00e3o Ensaios P.I.T - Geomec","robots":{"index":"index","follow":"follow","max-snippet":"max-snippet:-1","max-image-preview":"max-image-preview:large","max-video-preview":"max-video-preview:-1"},"canonical":"https:\/\/www.geomec.com.br\/site\/servicos\/ensaios-de-integridade-fisica\/padronizacao-ensaios-p-i-t\/","og_locale":"pt_BR","og_type":"article","og_title":"Padroniza\u00e7\u00e3o Ensaios P.I.T - Geomec","og_description":"Ensaio de Integridade F\u00edsica P.I.T. (Pile Integrity Testing) &lt;a href=\"https:\/\/www.geomec.com.br\/site\/servicos\/ensaios-de-integridade-fisica\/\"&gt;Ensaios de Integridade F\u00edsica&lt;\/a&gt; N\u00e3o h\u00e1 normatiza\u00e7\u00e3o brasileira para realiza\u00e7\u00e3o de ensaios PIT, portanto, para padroniza\u00e7\u00e3o e Normaliza\u00e7\u00e3o de Ensaios P.I.T., sugere-se que sejam consultados os seguintes c\u00f3digos, conforme a tabela abaixo: Metodo Pa\u00eds Refer\u00eancia Nome LST,CSL Australia Australian Standar AS 2159- 1995 Piling \u2013 Design [&hellip;]","og_url":"https:\/\/www.geomec.com.br\/site\/servicos\/ensaios-de-integridade-fisica\/padronizacao-ensaios-p-i-t\/","og_site_name":"Geomec","article_modified_time":"2023-09-23T21:21:13+00:00","twitter_card":"summary_large_image","twitter_misc":{"Est. tempo de leitura":"1 minuto"},"schema":{"@context":"https:\/\/schema.org","@graph":[{"@type":"WebPage","@id":"https:\/\/www.geomec.com.br\/site\/servicos\/ensaios-de-integridade-fisica\/padronizacao-ensaios-p-i-t\/","url":"https:\/\/www.geomec.com.br\/site\/servicos\/ensaios-de-integridade-fisica\/padronizacao-ensaios-p-i-t\/","name":"Padroniza\u00e7\u00e3o Ensaios P.I.T - Geomec","isPartOf":{"@id":"https:\/\/www.geomec.com.br\/site\/#website"},"datePublished":"2012-11-05T13:29:52+00:00","dateModified":"2023-09-23T21:21:13+00:00","breadcrumb":{"@id":"https:\/\/www.geomec.com.br\/site\/servicos\/ensaios-de-integridade-fisica\/padronizacao-ensaios-p-i-t\/#breadcrumb"},"inLanguage":"pt-BR","potentialAction":[{"@type":"ReadAction","target":["https:\/\/www.geomec.com.br\/site\/servicos\/ensaios-de-integridade-fisica\/padronizacao-ensaios-p-i-t\/"]}]},{"@type":"BreadcrumbList","@id":"https:\/\/www.geomec.com.br\/site\/servicos\/ensaios-de-integridade-fisica\/padronizacao-ensaios-p-i-t\/#breadcrumb","itemListElement":[{"@type":"ListItem","position":1,"name":"In\u00edcio","item":"https:\/\/www.geomec.com.br\/site\/"},{"@type":"ListItem","position":2,"name":"Servi\u00e7os","item":"https:\/\/www.geomec.com.br\/site\/servicos\/"},{"@type":"ListItem","position":3,"name":"Ensaios de Integridade F\u00edsica","item":"https:\/\/www.geomec.com.br\/site\/servicos\/ensaios-de-integridade-fisica\/"},{"@type":"ListItem","position":4,"name":"Padroniza\u00e7\u00e3o Ensaios P.I.T"}]},{"@type":"WebSite","@id":"https:\/\/www.geomec.com.br\/site\/#website","url":"https:\/\/www.geomec.com.br\/site\/","name":"Geomec","description":"Engenharia Geot\u00e9cnica e de Funda\u00e7\u00f5es","publisher":{"@id":"https:\/\/www.geomec.com.br\/site\/#organization"},"potentialAction":[{"@type":"SearchAction","target":{"@type":"EntryPoint","urlTemplate":"https:\/\/www.geomec.com.br\/site\/?s={search_term_string}"},"query-input":{"@type":"PropertyValueSpecification","valueRequired":true,"valueName":"search_term_string"}}],"inLanguage":"pt-BR"},{"@type":"Organization","@id":"https:\/\/www.geomec.com.br\/site\/#organization","name":"Geomec","url":"https:\/\/www.geomec.com.br\/site\/","logo":{"@type":"ImageObject","inLanguage":"pt-BR","@id":"https:\/\/www.geomec.com.br\/site\/#\/schema\/logo\/image\/","url":"https:\/\/www.geomec.com.br\/site\/wp-content\/uploads\/2023\/08\/logo.png","contentUrl":"https:\/\/www.geomec.com.br\/site\/wp-content\/uploads\/2023\/08\/logo.png","width":399,"height":74,"caption":"Geomec"},"image":{"@id":"https:\/\/www.geomec.com.br\/site\/#\/schema\/logo\/image\/"}}]}},"jetpack_sharing_enabled":true,"jetpack_shortlink":"https:\/\/wp.me\/Pf2a7j-5R","_links":{"self":[{"href":"https:\/\/www.geomec.com.br\/site\/wp-json\/wp\/v2\/pages\/363","targetHints":{"allow":["GET"]}}],"collection":[{"href":"https:\/\/www.geomec.com.br\/site\/wp-json\/wp\/v2\/pages"}],"about":[{"href":"https:\/\/www.geomec.com.br\/site\/wp-json\/wp\/v2\/types\/page"}],"author":[{"embeddable":true,"href":"https:\/\/www.geomec.com.br\/site\/wp-json\/wp\/v2\/users\/1"}],"replies":[{"embeddable":true,"href":"https:\/\/www.geomec.com.br\/site\/wp-json\/wp\/v2\/comments?post=363"}],"version-history":[{"count":27,"href":"https:\/\/www.geomec.com.br\/site\/wp-json\/wp\/v2\/pages\/363\/revisions"}],"predecessor-version":[{"id":4111,"href":"https:\/\/www.geomec.com.br\/site\/wp-json\/wp\/v2\/pages\/363\/revisions\/4111"}],"up":[{"embeddable":true,"href":"https:\/\/www.geomec.com.br\/site\/wp-json\/wp\/v2\/pages\/726"}],"wp:attachment":[{"href":"https:\/\/www.geomec.com.br\/site\/wp-json\/wp\/v2\/media?parent=363"}],"curies":[{"name":"wp","href":"https:\/\/api.w.org\/{rel}","templated":true}]}}