{"id":10,"date":"2012-10-08T11:11:07","date_gmt":"2012-10-08T14:11:07","guid":{"rendered":"http:\/\/www.geomec.com.br\/?page_id=10"},"modified":"2023-09-23T19:01:59","modified_gmt":"2023-09-23T22:01:59","slug":"consultoria-e-projetos","status":"publish","type":"page","link":"https:\/\/www.geomec.com.br\/site\/servicos\/consultoria-e-projetos\/","title":{"rendered":"Consultoria e Projetos"},"content":{"rendered":"\t\t<div data-elementor-type=\"wp-page\" data-elementor-id=\"10\" class=\"elementor elementor-10\" data-elementor-post-type=\"page\">\n\t\t\t\t\t\t<section class=\"elementor-section elementor-top-section elementor-element elementor-element-1fdc1593 elementor-section-height-min-height elementor-section-items-bottom elementor-section-boxed elementor-section-height-default\" data-id=\"1fdc1593\" data-element_type=\"section\" data-e-type=\"section\" data-settings=\"{&quot;background_background&quot;:&quot;classic&quot;,&quot;background_motion_fx_motion_fx_scrolling&quot;:&quot;yes&quot;,&quot;background_motion_fx_translateY_effect&quot;:&quot;yes&quot;,&quot;background_motion_fx_translateY_direction&quot;:&quot;negative&quot;,&quot;background_motion_fx_translateY_speed&quot;:{&quot;unit&quot;:&quot;px&quot;,&quot;size&quot;:3,&quot;sizes&quot;:[]},&quot;background_motion_fx_translateY_affectedRange&quot;:{&quot;unit&quot;:&quot;%&quot;,&quot;size&quot;:&quot;&quot;,&quot;sizes&quot;:{&quot;start&quot;:0,&quot;end&quot;:100}},&quot;background_motion_fx_devices&quot;:[&quot;desktop&quot;,&quot;tablet&quot;,&quot;mobile&quot;]}\">\n\t\t\t\t\t\t\t<div class=\"elementor-background-overlay\"><\/div>\n\t\t\t\t\t\t\t<div class=\"elementor-container elementor-column-gap-no\">\n\t\t\t\t\t<div class=\"elementor-column elementor-col-100 elementor-top-column elementor-element elementor-element-ba19def\" data-id=\"ba19def\" data-element_type=\"column\" data-e-type=\"column\" data-settings=\"{&quot;background_background&quot;:&quot;classic&quot;}\">\n\t\t\t<div class=\"elementor-widget-wrap elementor-element-populated\">\n\t\t\t\t\t\t<section class=\"elementor-section elementor-inner-section elementor-element elementor-element-6dc88b1f elementor-section-content-bottom elementor-section-boxed elementor-section-height-default elementor-section-height-default\" data-id=\"6dc88b1f\" data-element_type=\"section\" data-e-type=\"section\" data-settings=\"{&quot;background_background&quot;:&quot;classic&quot;}\">\n\t\t\t\t\t\t<div class=\"elementor-container elementor-column-gap-no\">\n\t\t\t\t\t<div class=\"elementor-column elementor-col-100 elementor-inner-column elementor-element elementor-element-1dbf35e4\" data-id=\"1dbf35e4\" data-element_type=\"column\" data-e-type=\"column\">\n\t\t\t<div class=\"elementor-widget-wrap elementor-element-populated\">\n\t\t\t\t\t<div class=\"elementor-background-overlay\"><\/div>\n\t\t\t\t\t\t<div class=\"elementor-element elementor-element-272e0f5b elementor-widget elementor-widget-heading\" data-id=\"272e0f5b\" data-element_type=\"widget\" data-e-type=\"widget\" data-widget_type=\"heading.default\">\n\t\t\t\t<div class=\"elementor-widget-container\">\n\t\t\t\t\t<h1 class=\"elementor-heading-title elementor-size-default\">Consultoria e Projetos<\/h1>\t\t\t\t<\/div>\n\t\t\t\t<\/div>\n\t\t\t\t<div class=\"elementor-element elementor-element-3dec1c51 elementor-widget elementor-widget-text-editor\" data-id=\"3dec1c51\" data-element_type=\"widget\" data-e-type=\"widget\" data-widget_type=\"text-editor.default\">\n\t\t\t\t<div class=\"elementor-widget-container\">\n\t\t\t\t\t\t\t\t\t<p>Funda\u00e7\u00f5es \u2013 Conten\u00e7\u00f5es<\/p>\t\t\t\t\t\t\t\t<\/div>\n\t\t\t\t<\/div>\n\t\t\t\t\t<\/div>\n\t\t<\/div>\n\t\t\t\t\t<\/div>\n\t\t<\/section>\n\t\t\t\t\t<\/div>\n\t\t<\/div>\n\t\t\t\t\t<\/div>\n\t\t<\/section>\n\t\t\t\t<section class=\"elementor-section elementor-top-section elementor-element elementor-element-7d83a9c2 elementor-section-boxed elementor-section-height-default elementor-section-height-default\" data-id=\"7d83a9c2\" data-element_type=\"section\" data-e-type=\"section\">\n\t\t\t\t\t\t<div class=\"elementor-container elementor-column-gap-no\">\n\t\t\t\t\t<div class=\"elementor-column elementor-col-100 elementor-top-column elementor-element elementor-element-78874714\" data-id=\"78874714\" data-element_type=\"column\" data-e-type=\"column\">\n\t\t\t<div class=\"elementor-widget-wrap elementor-element-populated\">\n\t\t\t\t\t\t<section class=\"elementor-section elementor-inner-section elementor-element elementor-element-09c9ffd elementor-section-content-middle elementor-section-boxed elementor-section-height-default elementor-section-height-default\" data-id=\"09c9ffd\" data-element_type=\"section\" data-e-type=\"section\">\n\t\t\t\t\t\t<div class=\"elementor-container elementor-column-gap-no\">\n\t\t\t\t\t<div class=\"elementor-column elementor-col-50 elementor-inner-column elementor-element elementor-element-5b3573c\" data-id=\"5b3573c\" data-element_type=\"column\" data-e-type=\"column\" data-settings=\"{&quot;background_background&quot;:&quot;classic&quot;}\">\n\t\t\t<div class=\"elementor-widget-wrap elementor-element-populated\">\n\t\t\t\t\t\t<div class=\"elementor-element elementor-element-e08a458 elementor--h-position-center elementor--v-position-middle elementor-arrows-position-inside elementor-pagination-position-inside elementor-widget elementor-widget-slides\" data-id=\"e08a458\" data-element_type=\"widget\" data-e-type=\"widget\" data-settings=\"{&quot;navigation&quot;:&quot;both&quot;,&quot;autoplay&quot;:&quot;yes&quot;,&quot;pause_on_hover&quot;:&quot;yes&quot;,&quot;pause_on_interaction&quot;:&quot;yes&quot;,&quot;autoplay_speed&quot;:5000,&quot;infinite&quot;:&quot;yes&quot;,&quot;transition&quot;:&quot;slide&quot;,&quot;transition_speed&quot;:500}\" data-widget_type=\"slides.default\">\n\t\t\t\t<div class=\"elementor-widget-container\">\n\t\t\t\t\t\t\t\t\t<div class=\"elementor-swiper\">\n\t\t\t\t\t<div class=\"elementor-slides-wrapper elementor-main-swiper swiper\" role=\"region\" aria-roledescription=\"carousel\" aria-label=\"Slides\" dir=\"ltr\" data-animation=\"fadeInUp\">\n\t\t\t\t<div class=\"swiper-wrapper elementor-slides\">\n\t\t\t\t\t\t\t\t\t\t<div class=\"elementor-repeater-item-411ad57 swiper-slide\" role=\"group\" aria-roledescription=\"slide\"><div class=\"swiper-slide-bg\" role=\"img\" aria-label=\"geomec-Foto 11\"><\/div><div class=\"swiper-slide-inner\" ><div class=\"swiper-slide-contents\"><\/div><\/div><\/div><div class=\"elementor-repeater-item-4221c5c swiper-slide\" role=\"group\" aria-roledescription=\"slide\"><div class=\"swiper-slide-bg\" role=\"img\" aria-label=\"geomec-Foto 14\"><\/div><div class=\"swiper-slide-inner\" ><div class=\"swiper-slide-contents\"><\/div><\/div><\/div>\t\t\t\t<\/div>\n\t\t\t\t\t\t\t\t\t\t\t\t\t\t\t<div class=\"elementor-swiper-button elementor-swiper-button-prev\" role=\"button\" tabindex=\"0\" aria-label=\"Slide anterior\">\n\t\t\t\t\t\t\t<i aria-hidden=\"true\" class=\"eicon-chevron-left\"><\/i>\t\t\t\t\t\t<\/div>\n\t\t\t\t\t\t<div class=\"elementor-swiper-button elementor-swiper-button-next\" role=\"button\" tabindex=\"0\" aria-label=\"Pr\u00f3ximo slide\">\n\t\t\t\t\t\t\t<i aria-hidden=\"true\" class=\"eicon-chevron-right\"><\/i>\t\t\t\t\t\t<\/div>\n\t\t\t\t\t\t\t\t\t\t\t\t\t\t\t\t<div class=\"swiper-pagination\"><\/div>\n\t\t\t\t\t\t\t\t\t\t\t\t<\/div>\n\t\t\t\t<\/div>\n\t\t\t\t\t\t\t\t<\/div>\n\t\t\t\t<\/div>\n\t\t\t\t\t<\/div>\n\t\t<\/div>\n\t\t\t\t<div class=\"elementor-column elementor-col-50 elementor-inner-column elementor-element elementor-element-44113bc\" data-id=\"44113bc\" data-element_type=\"column\" data-e-type=\"column\" data-settings=\"{&quot;background_background&quot;:&quot;classic&quot;}\">\n\t\t\t<div class=\"elementor-widget-wrap elementor-element-populated\">\n\t\t\t\t\t\t<div class=\"elementor-element elementor-element-65dcb3b elementor-align-start elementor-icon-list--layout-traditional elementor-list-item-link-full_width elementor-widget elementor-widget-icon-list\" data-id=\"65dcb3b\" data-element_type=\"widget\" data-e-type=\"widget\" data-widget_type=\"icon-list.default\">\n\t\t\t\t<div class=\"elementor-widget-container\">\n\t\t\t\t\t\t\t<ul class=\"elementor-icon-list-items\">\n\t\t\t\t\t\t\t<li class=\"elementor-icon-list-item\">\n\t\t\t\t\t\t\t\t\t\t\t<span class=\"elementor-icon-list-icon\">\n\t\t\t\t\t\t\t<i aria-hidden=\"true\" class=\"fas fa-clipboard-check\"><\/i>\t\t\t\t\t\t<\/span>\n\t\t\t\t\t\t\t\t\t\t<span class=\"elementor-icon-list-text\">Estudos de viabilidade em engenharia geot\u00e9cnica e de funda\u00e7\u00f5es;<\/span>\n\t\t\t\t\t\t\t\t\t<\/li>\n\t\t\t\t\t\t\t\t<li class=\"elementor-icon-list-item\">\n\t\t\t\t\t\t\t\t\t\t\t<span class=\"elementor-icon-list-icon\">\n\t\t\t\t\t\t\t<i aria-hidden=\"true\" class=\"fas fa-clipboard-check\"><\/i>\t\t\t\t\t\t<\/span>\n\t\t\t\t\t\t\t\t\t\t<span class=\"elementor-icon-list-text\">Projetos de funda\u00e7\u00f5es; obras de funda\u00e7\u00f5es onshore e offshore;<\/span>\n\t\t\t\t\t\t\t\t\t<\/li>\n\t\t\t\t\t\t\t\t<li class=\"elementor-icon-list-item\">\n\t\t\t\t\t\t\t\t\t\t\t<span class=\"elementor-icon-list-icon\">\n\t\t\t\t\t\t\t<i aria-hidden=\"true\" class=\"fas fa-clipboard-check\"><\/i>\t\t\t\t\t\t<\/span>\n\t\t\t\t\t\t\t\t\t\t<span class=\"elementor-icon-list-text\">Projetos de refor\u00e7o de funda\u00e7\u00f5es;<\/span>\n\t\t\t\t\t\t\t\t\t<\/li>\n\t\t\t\t\t\t\t\t<li class=\"elementor-icon-list-item\">\n\t\t\t\t\t\t\t\t\t\t\t<span class=\"elementor-icon-list-icon\">\n\t\t\t\t\t\t\t<i aria-hidden=\"true\" class=\"fas fa-clipboard-check\"><\/i>\t\t\t\t\t\t<\/span>\n\t\t\t\t\t\t\t\t\t\t<span class=\"elementor-icon-list-text\">Estudos de cravabilidade atrav\u00e9s do programa WEAP \u2013 Wave Equation Analysis of Piles;<\/span>\n\t\t\t\t\t\t\t\t\t<\/li>\n\t\t\t\t\t\t\t\t<li class=\"elementor-icon-list-item\">\n\t\t\t\t\t\t\t\t\t\t\t<span class=\"elementor-icon-list-icon\">\n\t\t\t\t\t\t\t<i aria-hidden=\"true\" class=\"fas fa-clipboard-check\"><\/i>\t\t\t\t\t\t<\/span>\n\t\t\t\t\t\t\t\t\t\t<span class=\"elementor-icon-list-text\">Estudos de estabilidade de taludes e conten\u00e7\u00f5es de encostas;<\/span>\n\t\t\t\t\t\t\t\t\t<\/li>\n\t\t\t\t\t\t\t\t<li class=\"elementor-icon-list-item\">\n\t\t\t\t\t\t\t\t\t\t\t<span class=\"elementor-icon-list-icon\">\n\t\t\t\t\t\t\t<i aria-hidden=\"true\" class=\"fas fa-clipboard-check\"><\/i>\t\t\t\t\t\t<\/span>\n\t\t\t\t\t\t\t\t\t\t<span class=\"elementor-icon-list-text\">Projetos de rebaixamento provis\u00f3rio e definitivo do len\u00e7ol d\u2019\u00e1gua subterr\u00e2neo;<\/span>\n\t\t\t\t\t\t\t\t\t<\/li>\n\t\t\t\t\t\t\t\t<li class=\"elementor-icon-list-item\">\n\t\t\t\t\t\t\t\t\t\t\t<span class=\"elementor-icon-list-icon\">\n\t\t\t\t\t\t\t<i aria-hidden=\"true\" class=\"fas fa-clipboard-check\"><\/i>\t\t\t\t\t\t<\/span>\n\t\t\t\t\t\t\t\t\t\t<span class=\"elementor-icon-list-text\">Projetos de terraplanagem e drenagem superficial e de subsuperf\u00edcie e supervis\u00e3o e gerenciamento de obras de geotecnia aplicada, funda\u00e7\u00f5es e estruturas de conten\u00e7\u00f5es de terra;<\/span>\n\t\t\t\t\t\t\t\t\t<\/li>\n\t\t\t\t\t\t\t\t<li class=\"elementor-icon-list-item\">\n\t\t\t\t\t\t\t\t\t\t\t<span class=\"elementor-icon-list-icon\">\n\t\t\t\t\t\t\t<i aria-hidden=\"true\" class=\"fas fa-clipboard-check\"><\/i>\t\t\t\t\t\t<\/span>\n\t\t\t\t\t\t\t\t\t\t<span class=\"elementor-icon-list-text\">Estudos em engenharia computacional, com modelagem atrav\u00e9s de elementos finitos aplicados a solu\u00e7\u00f5es de escava\u00e7\u00f5es, estruturas de conten\u00e7\u00f5es de terra, funda\u00e7\u00f5es e obras de terra, utilizando o software PLAXIS.<\/span>\n\t\t\t\t\t\t\t\t\t<\/li>\n\t\t\t\t\t\t<\/ul>\n\t\t\t\t\t\t<\/div>\n\t\t\t\t<\/div>\n\t\t\t\t\t<\/div>\n\t\t<\/div>\n\t\t\t\t\t<\/div>\n\t\t<\/section>\n\t\t\t\t\t<\/div>\n\t\t<\/div>\n\t\t\t\t\t<\/div>\n\t\t<\/section>\n\t\t\t\t<section class=\"elementor-section elementor-top-section elementor-element elementor-element-89c926e elementor-section-height-min-height elementor-section-boxed elementor-section-height-default elementor-section-items-middle\" data-id=\"89c926e\" data-element_type=\"section\" data-e-type=\"section\" data-settings=\"{&quot;background_background&quot;:&quot;classic&quot;,&quot;background_motion_fx_motion_fx_mouse&quot;:&quot;yes&quot;,&quot;background_motion_fx_mouseTrack_effect&quot;:&quot;yes&quot;,&quot;shape_divider_bottom&quot;:&quot;arrow&quot;,&quot;background_motion_fx_mouseTrack_speed&quot;:{&quot;unit&quot;:&quot;px&quot;,&quot;size&quot;:1,&quot;sizes&quot;:[]}}\">\n\t\t\t\t\t\t\t<div class=\"elementor-background-overlay\"><\/div>\n\t\t\t\t\t\t<div class=\"elementor-shape elementor-shape-bottom\" aria-hidden=\"true\" data-negative=\"false\">\n\t\t\t<svg xmlns=\"http:\/\/www.w3.org\/2000\/svg\" viewBox=\"0 0 700 10\" preserveAspectRatio=\"none\">\n\t<path class=\"elementor-shape-fill\" d=\"M350,10L340,0h20L350,10z\"\/>\n<\/svg>\t\t<\/div>\n\t\t\t\t\t<div class=\"elementor-container elementor-column-gap-no\">\n\t\t\t\t\t<div class=\"elementor-column elementor-col-100 elementor-top-column elementor-element elementor-element-2179d99\" data-id=\"2179d99\" data-element_type=\"column\" data-e-type=\"column\">\n\t\t\t<div class=\"elementor-widget-wrap elementor-element-populated\">\n\t\t\t\t\t\t<div class=\"elementor-element elementor-element-c46faad elementor-cta--layout-image-above elementor-cta--valign-bottom elementor-cta--skin-classic elementor-animated-content elementor-widget elementor-widget-call-to-action\" data-id=\"c46faad\" data-element_type=\"widget\" data-e-type=\"widget\" data-widget_type=\"call-to-action.default\">\n\t\t\t\t<div class=\"elementor-widget-container\">\n\t\t\t\t\t\t\t<div class=\"elementor-cta\">\n\t\t\t\t\t\t\t<div class=\"elementor-cta__content\">\n\t\t\t\t\n\t\t\t\t\t\t\t\t\t<h2 class=\"elementor-cta__title elementor-cta__content-item elementor-content-item\">\n\t\t\t\t\t\tSolicite um or\u00e7amento\t\t\t\t\t<\/h2>\n\t\t\t\t\n\t\t\t\t\t\t\t\t\t<div class=\"elementor-cta__description elementor-cta__content-item elementor-content-item\">\n\t\t\t\t\t\tConhe\u00e7a nossos canais de atendimento\t\t\t\t\t<\/div>\n\t\t\t\t\n\t\t\t\t\t\t\t\t\t<div class=\"elementor-cta__button-wrapper elementor-cta__content-item elementor-content-item \">\n\t\t\t\t\t<a class=\"elementor-cta__button elementor-button elementor-size-md\" href=\"https:\/\/www.geomec.com.br\/site\/contato\/\">\n\t\t\t\t\t\tClique Aqui\t\t\t\t\t<\/a>\n\t\t\t\t\t<\/div>\n\t\t\t\t\t\t\t<\/div>\n\t\t\t\t\t\t<\/div>\n\t\t\t\t\t\t<\/div>\n\t\t\t\t<\/div>\n\t\t\t\t\t<\/div>\n\t\t<\/div>\n\t\t\t\t\t<\/div>\n\t\t<\/section>\n\t\t\t\t<\/div>\n\t\t","protected":false},"excerpt":{"rendered":"<p>Consultoria e Projetos &lt;p&gt;Funda\u00e7\u00f5es \u2013 Conten\u00e7\u00f5es&lt;\/p&gt; Previous slide Next slide &lt;ul&gt; &lt;li&gt; Estudos de viabilidade em engenharia geot\u00e9cnica e de funda\u00e7\u00f5es; &lt;\/li&gt; &lt;li&gt; Projetos de funda\u00e7\u00f5es; obras de funda\u00e7\u00f5es onshore e offshore; &lt;\/li&gt; &lt;li&gt; Projetos de refor\u00e7o de funda\u00e7\u00f5es; &lt;\/li&gt; &lt;li&gt; Estudos de cravabilidade atrav\u00e9s do programa WEAP \u2013 Wave Equation Analysis of Piles; &lt;\/li&gt; [&hellip;]<\/p>\n","protected":false},"author":1,"featured_media":551,"parent":724,"menu_order":1,"comment_status":"closed","ping_status":"closed","template":"","meta":{"jetpack_post_was_ever_published":false,"footnotes":""},"class_list":["post-10","page","type-page","status-publish","has-post-thumbnail","hentry"],"yoast_head":"<!-- This site is optimized with the Yoast SEO plugin v27.2 - https:\/\/yoast.com\/product\/yoast-seo-wordpress\/ -->\n<title>Consultoria e Projetos - Geomec<\/title>\n<meta name=\"robots\" content=\"index, follow, max-snippet:-1, max-image-preview:large, max-video-preview:-1\" \/>\n<link rel=\"canonical\" href=\"https:\/\/www.geomec.com.br\/site\/servicos\/consultoria-e-projetos\/\" \/>\n<meta property=\"og:locale\" content=\"pt_BR\" \/>\n<meta property=\"og:type\" content=\"article\" \/>\n<meta property=\"og:title\" content=\"Consultoria e Projetos - Geomec\" \/>\n<meta property=\"og:description\" content=\"Consultoria e Projetos &lt;p&gt;Funda\u00e7\u00f5es \u2013 Conten\u00e7\u00f5es&lt;\/p&gt; Previous slide Next slide &lt;ul&gt; &lt;li&gt; Estudos de viabilidade em engenharia geot\u00e9cnica e de funda\u00e7\u00f5es; &lt;\/li&gt; &lt;li&gt; Projetos de funda\u00e7\u00f5es; obras de funda\u00e7\u00f5es onshore e offshore; &lt;\/li&gt; &lt;li&gt; Projetos de refor\u00e7o de funda\u00e7\u00f5es; &lt;\/li&gt; &lt;li&gt; Estudos de cravabilidade atrav\u00e9s do programa WEAP \u2013 Wave Equation Analysis of Piles; &lt;\/li&gt; [&hellip;]\" \/>\n<meta property=\"og:url\" content=\"https:\/\/www.geomec.com.br\/site\/servicos\/consultoria-e-projetos\/\" \/>\n<meta property=\"og:site_name\" content=\"Geomec\" \/>\n<meta property=\"article:modified_time\" content=\"2023-09-23T22:01:59+00:00\" \/>\n<meta property=\"og:image\" content=\"https:\/\/www.geomec.com.br\/site\/wp-content\/uploads\/2013\/03\/consultoria-5.jpg\" \/>\n\t<meta property=\"og:image:width\" content=\"1600\" \/>\n\t<meta property=\"og:image:height\" content=\"1200\" \/>\n\t<meta property=\"og:image:type\" content=\"image\/jpeg\" \/>\n<meta name=\"twitter:card\" content=\"summary_large_image\" \/>\n<meta name=\"twitter:label1\" content=\"Est. tempo de leitura\" \/>\n\t<meta name=\"twitter:data1\" content=\"1 minuto\" \/>\n<script type=\"application\/ld+json\" class=\"yoast-schema-graph\">{\"@context\":\"https:\/\/schema.org\",\"@graph\":[{\"@type\":\"WebPage\",\"@id\":\"https:\/\/www.geomec.com.br\/site\/servicos\/consultoria-e-projetos\/\",\"url\":\"https:\/\/www.geomec.com.br\/site\/servicos\/consultoria-e-projetos\/\",\"name\":\"Consultoria e Projetos - Geomec\",\"isPartOf\":{\"@id\":\"https:\/\/www.geomec.com.br\/site\/#website\"},\"primaryImageOfPage\":{\"@id\":\"https:\/\/www.geomec.com.br\/site\/servicos\/consultoria-e-projetos\/#primaryimage\"},\"image\":{\"@id\":\"https:\/\/www.geomec.com.br\/site\/servicos\/consultoria-e-projetos\/#primaryimage\"},\"thumbnailUrl\":\"https:\/\/www.geomec.com.br\/site\/wp-content\/uploads\/2013\/03\/consultoria-5.jpg\",\"datePublished\":\"2012-10-08T14:11:07+00:00\",\"dateModified\":\"2023-09-23T22:01:59+00:00\",\"breadcrumb\":{\"@id\":\"https:\/\/www.geomec.com.br\/site\/servicos\/consultoria-e-projetos\/#breadcrumb\"},\"inLanguage\":\"pt-BR\",\"potentialAction\":[{\"@type\":\"ReadAction\",\"target\":[\"https:\/\/www.geomec.com.br\/site\/servicos\/consultoria-e-projetos\/\"]}]},{\"@type\":\"ImageObject\",\"inLanguage\":\"pt-BR\",\"@id\":\"https:\/\/www.geomec.com.br\/site\/servicos\/consultoria-e-projetos\/#primaryimage\",\"url\":\"https:\/\/www.geomec.com.br\/site\/wp-content\/uploads\/2013\/03\/consultoria-5.jpg\",\"contentUrl\":\"https:\/\/www.geomec.com.br\/site\/wp-content\/uploads\/2013\/03\/consultoria-5.jpg\",\"width\":1600,\"height\":1200,\"caption\":\"Estrutura de Conten\u00e7\u00e3o de Terra \u2013 Parede Diafragma \u2013 7 subsolos \u2013 Luanda-Angola\"},{\"@type\":\"BreadcrumbList\",\"@id\":\"https:\/\/www.geomec.com.br\/site\/servicos\/consultoria-e-projetos\/#breadcrumb\",\"itemListElement\":[{\"@type\":\"ListItem\",\"position\":1,\"name\":\"In\u00edcio\",\"item\":\"https:\/\/www.geomec.com.br\/site\/\"},{\"@type\":\"ListItem\",\"position\":2,\"name\":\"Servi\u00e7os\",\"item\":\"https:\/\/www.geomec.com.br\/site\/servicos\/\"},{\"@type\":\"ListItem\",\"position\":3,\"name\":\"Consultoria e Projetos\"}]},{\"@type\":\"WebSite\",\"@id\":\"https:\/\/www.geomec.com.br\/site\/#website\",\"url\":\"https:\/\/www.geomec.com.br\/site\/\",\"name\":\"Geomec\",\"description\":\"Engenharia Geot\u00e9cnica e de Funda\u00e7\u00f5es\",\"publisher\":{\"@id\":\"https:\/\/www.geomec.com.br\/site\/#organization\"},\"potentialAction\":[{\"@type\":\"SearchAction\",\"target\":{\"@type\":\"EntryPoint\",\"urlTemplate\":\"https:\/\/www.geomec.com.br\/site\/?s={search_term_string}\"},\"query-input\":{\"@type\":\"PropertyValueSpecification\",\"valueRequired\":true,\"valueName\":\"search_term_string\"}}],\"inLanguage\":\"pt-BR\"},{\"@type\":\"Organization\",\"@id\":\"https:\/\/www.geomec.com.br\/site\/#organization\",\"name\":\"Geomec\",\"url\":\"https:\/\/www.geomec.com.br\/site\/\",\"logo\":{\"@type\":\"ImageObject\",\"inLanguage\":\"pt-BR\",\"@id\":\"https:\/\/www.geomec.com.br\/site\/#\/schema\/logo\/image\/\",\"url\":\"https:\/\/www.geomec.com.br\/site\/wp-content\/uploads\/2023\/08\/logo.png\",\"contentUrl\":\"https:\/\/www.geomec.com.br\/site\/wp-content\/uploads\/2023\/08\/logo.png\",\"width\":399,\"height\":74,\"caption\":\"Geomec\"},\"image\":{\"@id\":\"https:\/\/www.geomec.com.br\/site\/#\/schema\/logo\/image\/\"}}]}<\/script>\n<!-- \/ Yoast SEO plugin. -->","yoast_head_json":{"title":"Consultoria e Projetos - Geomec","robots":{"index":"index","follow":"follow","max-snippet":"max-snippet:-1","max-image-preview":"max-image-preview:large","max-video-preview":"max-video-preview:-1"},"canonical":"https:\/\/www.geomec.com.br\/site\/servicos\/consultoria-e-projetos\/","og_locale":"pt_BR","og_type":"article","og_title":"Consultoria e Projetos - Geomec","og_description":"Consultoria e Projetos &lt;p&gt;Funda\u00e7\u00f5es \u2013 Conten\u00e7\u00f5es&lt;\/p&gt; Previous slide Next slide &lt;ul&gt; &lt;li&gt; Estudos de viabilidade em engenharia geot\u00e9cnica e de funda\u00e7\u00f5es; &lt;\/li&gt; &lt;li&gt; Projetos de funda\u00e7\u00f5es; obras de funda\u00e7\u00f5es onshore e offshore; &lt;\/li&gt; &lt;li&gt; Projetos de refor\u00e7o de funda\u00e7\u00f5es; &lt;\/li&gt; &lt;li&gt; Estudos de cravabilidade atrav\u00e9s do programa WEAP \u2013 Wave Equation Analysis of Piles; &lt;\/li&gt; [&hellip;]","og_url":"https:\/\/www.geomec.com.br\/site\/servicos\/consultoria-e-projetos\/","og_site_name":"Geomec","article_modified_time":"2023-09-23T22:01:59+00:00","og_image":[{"width":1600,"height":1200,"url":"https:\/\/www.geomec.com.br\/site\/wp-content\/uploads\/2013\/03\/consultoria-5.jpg","type":"image\/jpeg"}],"twitter_card":"summary_large_image","twitter_misc":{"Est. tempo de leitura":"1 minuto"},"schema":{"@context":"https:\/\/schema.org","@graph":[{"@type":"WebPage","@id":"https:\/\/www.geomec.com.br\/site\/servicos\/consultoria-e-projetos\/","url":"https:\/\/www.geomec.com.br\/site\/servicos\/consultoria-e-projetos\/","name":"Consultoria e Projetos - Geomec","isPartOf":{"@id":"https:\/\/www.geomec.com.br\/site\/#website"},"primaryImageOfPage":{"@id":"https:\/\/www.geomec.com.br\/site\/servicos\/consultoria-e-projetos\/#primaryimage"},"image":{"@id":"https:\/\/www.geomec.com.br\/site\/servicos\/consultoria-e-projetos\/#primaryimage"},"thumbnailUrl":"https:\/\/www.geomec.com.br\/site\/wp-content\/uploads\/2013\/03\/consultoria-5.jpg","datePublished":"2012-10-08T14:11:07+00:00","dateModified":"2023-09-23T22:01:59+00:00","breadcrumb":{"@id":"https:\/\/www.geomec.com.br\/site\/servicos\/consultoria-e-projetos\/#breadcrumb"},"inLanguage":"pt-BR","potentialAction":[{"@type":"ReadAction","target":["https:\/\/www.geomec.com.br\/site\/servicos\/consultoria-e-projetos\/"]}]},{"@type":"ImageObject","inLanguage":"pt-BR","@id":"https:\/\/www.geomec.com.br\/site\/servicos\/consultoria-e-projetos\/#primaryimage","url":"https:\/\/www.geomec.com.br\/site\/wp-content\/uploads\/2013\/03\/consultoria-5.jpg","contentUrl":"https:\/\/www.geomec.com.br\/site\/wp-content\/uploads\/2013\/03\/consultoria-5.jpg","width":1600,"height":1200,"caption":"Estrutura de Conten\u00e7\u00e3o de Terra \u2013 Parede Diafragma \u2013 7 subsolos \u2013 Luanda-Angola"},{"@type":"BreadcrumbList","@id":"https:\/\/www.geomec.com.br\/site\/servicos\/consultoria-e-projetos\/#breadcrumb","itemListElement":[{"@type":"ListItem","position":1,"name":"In\u00edcio","item":"https:\/\/www.geomec.com.br\/site\/"},{"@type":"ListItem","position":2,"name":"Servi\u00e7os","item":"https:\/\/www.geomec.com.br\/site\/servicos\/"},{"@type":"ListItem","position":3,"name":"Consultoria e Projetos"}]},{"@type":"WebSite","@id":"https:\/\/www.geomec.com.br\/site\/#website","url":"https:\/\/www.geomec.com.br\/site\/","name":"Geomec","description":"Engenharia Geot\u00e9cnica e de Funda\u00e7\u00f5es","publisher":{"@id":"https:\/\/www.geomec.com.br\/site\/#organization"},"potentialAction":[{"@type":"SearchAction","target":{"@type":"EntryPoint","urlTemplate":"https:\/\/www.geomec.com.br\/site\/?s={search_term_string}"},"query-input":{"@type":"PropertyValueSpecification","valueRequired":true,"valueName":"search_term_string"}}],"inLanguage":"pt-BR"},{"@type":"Organization","@id":"https:\/\/www.geomec.com.br\/site\/#organization","name":"Geomec","url":"https:\/\/www.geomec.com.br\/site\/","logo":{"@type":"ImageObject","inLanguage":"pt-BR","@id":"https:\/\/www.geomec.com.br\/site\/#\/schema\/logo\/image\/","url":"https:\/\/www.geomec.com.br\/site\/wp-content\/uploads\/2023\/08\/logo.png","contentUrl":"https:\/\/www.geomec.com.br\/site\/wp-content\/uploads\/2023\/08\/logo.png","width":399,"height":74,"caption":"Geomec"},"image":{"@id":"https:\/\/www.geomec.com.br\/site\/#\/schema\/logo\/image\/"}}]}},"jetpack_sharing_enabled":true,"jetpack_shortlink":"https:\/\/wp.me\/Pf2a7j-a","_links":{"self":[{"href":"https:\/\/www.geomec.com.br\/site\/wp-json\/wp\/v2\/pages\/10","targetHints":{"allow":["GET"]}}],"collection":[{"href":"https:\/\/www.geomec.com.br\/site\/wp-json\/wp\/v2\/pages"}],"about":[{"href":"https:\/\/www.geomec.com.br\/site\/wp-json\/wp\/v2\/types\/page"}],"author":[{"embeddable":true,"href":"https:\/\/www.geomec.com.br\/site\/wp-json\/wp\/v2\/users\/1"}],"replies":[{"embeddable":true,"href":"https:\/\/www.geomec.com.br\/site\/wp-json\/wp\/v2\/comments?post=10"}],"version-history":[{"count":160,"href":"https:\/\/www.geomec.com.br\/site\/wp-json\/wp\/v2\/pages\/10\/revisions"}],"predecessor-version":[{"id":4212,"href":"https:\/\/www.geomec.com.br\/site\/wp-json\/wp\/v2\/pages\/10\/revisions\/4212"}],"up":[{"embeddable":true,"href":"https:\/\/www.geomec.com.br\/site\/wp-json\/wp\/v2\/pages\/724"}],"wp:featuredmedia":[{"embeddable":true,"href":"https:\/\/www.geomec.com.br\/site\/wp-json\/wp\/v2\/media\/551"}],"wp:attachment":[{"href":"https:\/\/www.geomec.com.br\/site\/wp-json\/wp\/v2\/media?parent=10"}],"curies":[{"name":"wp","href":"https:\/\/api.w.org\/{rel}","templated":true}]}}